{"id":1147,"date":"2025-02-12T00:16:33","date_gmt":"2025-02-12T00:16:33","guid":{"rendered":"https:\/\/bvalmocageme.pt\/?page_id=1147"},"modified":"2025-02-12T00:18:36","modified_gmt":"2025-02-12T00:18:36","slug":"comunidade-2","status":"publish","type":"page","link":"https:\/\/bvalmocageme.pt\/index.php\/comunidade-2\/","title":{"rendered":"Comunidade"},"content":{"rendered":"\t\t<div data-elementor-type=\"wp-page\" data-elementor-id=\"1147\" class=\"elementor elementor-1147\" data-elementor-post-type=\"page\">\n\t\t\t\t\t\t<section class=\"elementor-section elementor-top-section elementor-element elementor-element-138f2254 elementor-section-full_width elementor-section-height-min-height elementor-section-height-default elementor-section-items-middle elementor-invisible\" data-id=\"138f2254\" data-element_type=\"section\" data-e-type=\"section\" data-settings=\"{&quot;background_background&quot;:&quot;classic&quot;,&quot;animation&quot;:&quot;fadeIn&quot;}\">\n\t\t\t\t\t\t\t<div class=\"elementor-background-overlay\"><\/div>\n\t\t\t\t\t\t\t<div class=\"elementor-container elementor-column-gap-default\">\n\t\t\t\t\t<div class=\"elementor-column elementor-col-100 elementor-top-column elementor-element elementor-element-60572691\" data-id=\"60572691\" data-element_type=\"column\" data-e-type=\"column\">\n\t\t\t<div class=\"elementor-widget-wrap elementor-element-populated\">\n\t\t\t\t\t\t<div class=\"elementor-element elementor-element-4b07c67f elementor-widget elementor-widget-menu-anchor\" data-id=\"4b07c67f\" data-element_type=\"widget\" data-e-type=\"widget\" data-widget_type=\"menu-anchor.default\">\n\t\t\t\t\t\t\t<div class=\"elementor-menu-anchor\" id=\"home\"><\/div>\n\t\t\t\t\t\t<\/div>\n\t\t\t\t\t<\/div>\n\t\t<\/div>\n\t\t\t\t\t<\/div>\n\t\t<\/section>\n\t\t\t\t<section class=\"elementor-section elementor-top-section elementor-element elementor-element-744fe310 elementor-section-boxed elementor-section-height-default elementor-section-height-default\" data-id=\"744fe310\" data-element_type=\"section\" data-e-type=\"section\" data-settings=\"{&quot;background_background&quot;:&quot;classic&quot;}\">\n\t\t\t\t\t\t<div class=\"elementor-container elementor-column-gap-default\">\n\t\t\t\t\t<div class=\"elementor-column elementor-col-100 elementor-top-column elementor-element elementor-element-67710ceb\" data-id=\"67710ceb\" data-element_type=\"column\" data-e-type=\"column\">\n\t\t\t<div class=\"elementor-widget-wrap elementor-element-populated\">\n\t\t\t\t\t\t<div class=\"elementor-element elementor-element-22a4f8e elementor-invisible elementor-widget elementor-widget-heading\" data-id=\"22a4f8e\" data-element_type=\"widget\" data-e-type=\"widget\" data-settings=\"{&quot;_animation&quot;:&quot;fadeInUp&quot;}\" data-widget_type=\"heading.default\">\n\t\t\t\t\t<h2 class=\"elementor-heading-title elementor-size-default\">Comunidade<\/h2>\t\t\t\t<\/div>\n\t\t\t\t<div class=\"elementor-element elementor-element-7c8edb7d elementor-widget elementor-widget-spacer\" data-id=\"7c8edb7d\" data-element_type=\"widget\" data-e-type=\"widget\" data-widget_type=\"spacer.default\">\n\t\t\t\t\t\t\t<div class=\"elementor-spacer\">\n\t\t\t<div class=\"elementor-spacer-inner\"><\/div>\n\t\t<\/div>\n\t\t\t\t\t\t<\/div>\n\t\t\t\t<div class=\"elementor-element elementor-element-eb05778 elementor-widget elementor-widget-gallery\" data-id=\"eb05778\" data-element_type=\"widget\" data-e-type=\"widget\" data-settings=\"{&quot;gallery_layout&quot;:&quot;masonry&quot;,&quot;columns&quot;:3,&quot;gap&quot;:{&quot;unit&quot;:&quot;px&quot;,&quot;size&quot;:7,&quot;sizes&quot;:[]},&quot;lazyload&quot;:&quot;yes&quot;,&quot;columns_tablet&quot;:2,&quot;columns_mobile&quot;:1,&quot;gap_tablet&quot;:{&quot;unit&quot;:&quot;px&quot;,&quot;size&quot;:10,&quot;sizes&quot;:[]},&quot;gap_mobile&quot;:{&quot;unit&quot;:&quot;px&quot;,&quot;size&quot;:10,&quot;sizes&quot;:[]},&quot;link_to&quot;:&quot;file&quot;,&quot;overlay_background&quot;:&quot;yes&quot;,&quot;content_hover_animation&quot;:&quot;fade-in&quot;}\" data-widget_type=\"gallery.default\">\n\t\t\t\t\t\t\t<div class=\"elementor-gallery__container\">\n\t\t\t\t\t\t\t<a class=\"e-gallery-item elementor-gallery-item elementor-animated-content\" href=\"https:\/\/bvalmocageme.pt\/wp-content\/uploads\/2025\/02\/comunidad16.jpg\" data-elementor-open-lightbox=\"yes\" data-elementor-lightbox-slideshow=\"eb05778\" data-elementor-lightbox-title=\"comunidad16\" data-e-action-hash=\"#elementor-action%3Aaction%3Dlightbox%26settings%3DeyJpZCI6MTE0OSwidXJsIjoiaHR0cHM6XC9cL2J2YWxtb2NhZ2VtZS5wdFwvd3AtY29udGVudFwvdXBsb2Fkc1wvMjAyNVwvMDJcL2NvbXVuaWRhZDE2LmpwZyIsInNsaWRlc2hvdyI6ImViMDU3NzgifQ%3D%3D\">\n\t\t\t\t\t<div class=\"e-gallery-image elementor-gallery-item__image\" data-thumbnail=\"https:\/\/bvalmocageme.pt\/wp-content\/uploads\/2025\/02\/comunidad16.jpg\" data-width=\"200\" data-height=\"141\" aria-label=\"\" role=\"img\" ><\/div>\n\t\t\t\t\t\t\t\t\t\t\t<div class=\"elementor-gallery-item__overlay\"><\/div>\n\t\t\t\t\t\t\t\t\t\t\t\t\t\t<\/a>\n\t\t\t\t\t\t\t<a class=\"e-gallery-item elementor-gallery-item elementor-animated-content\" href=\"https:\/\/bvalmocageme.pt\/wp-content\/uploads\/2025\/02\/comunidad15.jpg\" data-elementor-open-lightbox=\"yes\" data-elementor-lightbox-slideshow=\"eb05778\" data-elementor-lightbox-title=\"comunidad15\" data-e-action-hash=\"#elementor-action%3Aaction%3Dlightbox%26settings%3DeyJpZCI6MTE1MCwidXJsIjoiaHR0cHM6XC9cL2J2YWxtb2NhZ2VtZS5wdFwvd3AtY29udGVudFwvdXBsb2Fkc1wvMjAyNVwvMDJcL2NvbXVuaWRhZDE1LmpwZyIsInNsaWRlc2hvdyI6ImViMDU3NzgifQ%3D%3D\">\n\t\t\t\t\t<div class=\"e-gallery-image elementor-gallery-item__image\" data-thumbnail=\"https:\/\/bvalmocageme.pt\/wp-content\/uploads\/2025\/02\/comunidad15.jpg\" data-width=\"200\" data-height=\"151\" aria-label=\"\" role=\"img\" ><\/div>\n\t\t\t\t\t\t\t\t\t\t\t<div class=\"elementor-gallery-item__overlay\"><\/div>\n\t\t\t\t\t\t\t\t\t\t\t\t\t\t<\/a>\n\t\t\t\t\t\t\t<a class=\"e-gallery-item elementor-gallery-item elementor-animated-content\" href=\"https:\/\/bvalmocageme.pt\/wp-content\/uploads\/2025\/02\/comunidade14.jpg\" data-elementor-open-lightbox=\"yes\" data-elementor-lightbox-slideshow=\"eb05778\" data-elementor-lightbox-title=\"comunidade14\" data-e-action-hash=\"#elementor-action%3Aaction%3Dlightbox%26settings%3DeyJpZCI6MTE1MSwidXJsIjoiaHR0cHM6XC9cL2J2YWxtb2NhZ2VtZS5wdFwvd3AtY29udGVudFwvdXBsb2Fkc1wvMjAyNVwvMDJcL2NvbXVuaWRhZGUxNC5qcGciLCJzbGlkZXNob3ciOiJlYjA1Nzc4In0%3D\">\n\t\t\t\t\t<div class=\"e-gallery-image elementor-gallery-item__image\" data-thumbnail=\"https:\/\/bvalmocageme.pt\/wp-content\/uploads\/2025\/02\/comunidade14.jpg\" data-width=\"200\" data-height=\"120\" aria-label=\"\" role=\"img\" ><\/div>\n\t\t\t\t\t\t\t\t\t\t\t<div class=\"elementor-gallery-item__overlay\"><\/div>\n\t\t\t\t\t\t\t\t\t\t\t\t\t\t<\/a>\n\t\t\t\t\t\t\t<a class=\"e-gallery-item elementor-gallery-item elementor-animated-content\" href=\"https:\/\/bvalmocageme.pt\/wp-content\/uploads\/2025\/02\/comunidade3.jpg\" data-elementor-open-lightbox=\"yes\" data-elementor-lightbox-slideshow=\"eb05778\" data-elementor-lightbox-title=\"comunidade3\" data-e-action-hash=\"#elementor-action%3Aaction%3Dlightbox%26settings%3DeyJpZCI6MTE1MiwidXJsIjoiaHR0cHM6XC9cL2J2YWxtb2NhZ2VtZS5wdFwvd3AtY29udGVudFwvdXBsb2Fkc1wvMjAyNVwvMDJcL2NvbXVuaWRhZGUzLmpwZyIsInNsaWRlc2hvdyI6ImViMDU3NzgifQ%3D%3D\">\n\t\t\t\t\t<div class=\"e-gallery-image elementor-gallery-item__image\" data-thumbnail=\"https:\/\/bvalmocageme.pt\/wp-content\/uploads\/2025\/02\/comunidade3.jpg\" data-width=\"200\" data-height=\"150\" aria-label=\"\" role=\"img\" ><\/div>\n\t\t\t\t\t\t\t\t\t\t\t<div class=\"elementor-gallery-item__overlay\"><\/div>\n\t\t\t\t\t\t\t\t\t\t\t\t\t\t<\/a>\n\t\t\t\t\t\t\t<a class=\"e-gallery-item elementor-gallery-item elementor-animated-content\" href=\"https:\/\/bvalmocageme.pt\/wp-content\/uploads\/2025\/02\/comunidade12.jpg\" data-elementor-open-lightbox=\"yes\" data-elementor-lightbox-slideshow=\"eb05778\" data-elementor-lightbox-title=\"comunidade12\" data-e-action-hash=\"#elementor-action%3Aaction%3Dlightbox%26settings%3DeyJpZCI6MTE1MywidXJsIjoiaHR0cHM6XC9cL2J2YWxtb2NhZ2VtZS5wdFwvd3AtY29udGVudFwvdXBsb2Fkc1wvMjAyNVwvMDJcL2NvbXVuaWRhZGUxMi5qcGciLCJzbGlkZXNob3ciOiJlYjA1Nzc4In0%3D\">\n\t\t\t\t\t<div class=\"e-gallery-image elementor-gallery-item__image\" data-thumbnail=\"https:\/\/bvalmocageme.pt\/wp-content\/uploads\/2025\/02\/comunidade12.jpg\" data-width=\"200\" data-height=\"139\" aria-label=\"\" role=\"img\" ><\/div>\n\t\t\t\t\t\t\t\t\t\t\t<div class=\"elementor-gallery-item__overlay\"><\/div>\n\t\t\t\t\t\t\t\t\t\t\t\t\t\t<\/a>\n\t\t\t\t\t\t\t<a class=\"e-gallery-item elementor-gallery-item elementor-animated-content\" href=\"https:\/\/bvalmocageme.pt\/wp-content\/uploads\/2025\/02\/comunidad10.jpg\" data-elementor-open-lightbox=\"yes\" data-elementor-lightbox-slideshow=\"eb05778\" data-elementor-lightbox-title=\"comunidad10\" data-e-action-hash=\"#elementor-action%3Aaction%3Dlightbox%26settings%3DeyJpZCI6MTE1NCwidXJsIjoiaHR0cHM6XC9cL2J2YWxtb2NhZ2VtZS5wdFwvd3AtY29udGVudFwvdXBsb2Fkc1wvMjAyNVwvMDJcL2NvbXVuaWRhZDEwLmpwZyIsInNsaWRlc2hvdyI6ImViMDU3NzgifQ%3D%3D\">\n\t\t\t\t\t<div class=\"e-gallery-image elementor-gallery-item__image\" data-thumbnail=\"https:\/\/bvalmocageme.pt\/wp-content\/uploads\/2025\/02\/comunidad10.jpg\" data-width=\"200\" data-height=\"150\" aria-label=\"\" role=\"img\" ><\/div>\n\t\t\t\t\t\t\t\t\t\t\t<div class=\"elementor-gallery-item__overlay\"><\/div>\n\t\t\t\t\t\t\t\t\t\t\t\t\t\t<\/a>\n\t\t\t\t\t\t\t<a class=\"e-gallery-item elementor-gallery-item elementor-animated-content\" href=\"https:\/\/bvalmocageme.pt\/wp-content\/uploads\/2025\/02\/comunidade9.jpg\" data-elementor-open-lightbox=\"yes\" data-elementor-lightbox-slideshow=\"eb05778\" data-elementor-lightbox-title=\"comunidade9\" data-e-action-hash=\"#elementor-action%3Aaction%3Dlightbox%26settings%3DeyJpZCI6MTE1NSwidXJsIjoiaHR0cHM6XC9cL2J2YWxtb2NhZ2VtZS5wdFwvd3AtY29udGVudFwvdXBsb2Fkc1wvMjAyNVwvMDJcL2NvbXVuaWRhZGU5LmpwZyIsInNsaWRlc2hvdyI6ImViMDU3NzgifQ%3D%3D\">\n\t\t\t\t\t<div class=\"e-gallery-image elementor-gallery-item__image\" data-thumbnail=\"https:\/\/bvalmocageme.pt\/wp-content\/uploads\/2025\/02\/comunidade9.jpg\" data-width=\"200\" data-height=\"150\" aria-label=\"\" role=\"img\" ><\/div>\n\t\t\t\t\t\t\t\t\t\t\t<div class=\"elementor-gallery-item__overlay\"><\/div>\n\t\t\t\t\t\t\t\t\t\t\t\t\t\t<\/a>\n\t\t\t\t\t\t\t<a class=\"e-gallery-item elementor-gallery-item elementor-animated-content\" href=\"https:\/\/bvalmocageme.pt\/wp-content\/uploads\/2025\/02\/comunidad7.jpg\" data-elementor-open-lightbox=\"yes\" data-elementor-lightbox-slideshow=\"eb05778\" data-elementor-lightbox-title=\"comunidad7\" data-e-action-hash=\"#elementor-action%3Aaction%3Dlightbox%26settings%3DeyJpZCI6MTE1NiwidXJsIjoiaHR0cHM6XC9cL2J2YWxtb2NhZ2VtZS5wdFwvd3AtY29udGVudFwvdXBsb2Fkc1wvMjAyNVwvMDJcL2NvbXVuaWRhZDcuanBnIiwic2xpZGVzaG93IjoiZWIwNTc3OCJ9\">\n\t\t\t\t\t<div class=\"e-gallery-image elementor-gallery-item__image\" data-thumbnail=\"https:\/\/bvalmocageme.pt\/wp-content\/uploads\/2025\/02\/comunidad7.jpg\" data-width=\"200\" data-height=\"150\" aria-label=\"\" role=\"img\" ><\/div>\n\t\t\t\t\t\t\t\t\t\t\t<div class=\"elementor-gallery-item__overlay\"><\/div>\n\t\t\t\t\t\t\t\t\t\t\t\t\t\t<\/a>\n\t\t\t\t\t\t\t<a class=\"e-gallery-item elementor-gallery-item elementor-animated-content\" href=\"https:\/\/bvalmocageme.pt\/wp-content\/uploads\/2025\/02\/comunidade5.jpg\" data-elementor-open-lightbox=\"yes\" data-elementor-lightbox-slideshow=\"eb05778\" data-elementor-lightbox-title=\"comunidade5\" data-e-action-hash=\"#elementor-action%3Aaction%3Dlightbox%26settings%3DeyJpZCI6MTE1NywidXJsIjoiaHR0cHM6XC9cL2J2YWxtb2NhZ2VtZS5wdFwvd3AtY29udGVudFwvdXBsb2Fkc1wvMjAyNVwvMDJcL2NvbXVuaWRhZGU1LmpwZyIsInNsaWRlc2hvdyI6ImViMDU3NzgifQ%3D%3D\">\n\t\t\t\t\t<div class=\"e-gallery-image elementor-gallery-item__image\" data-thumbnail=\"https:\/\/bvalmocageme.pt\/wp-content\/uploads\/2025\/02\/comunidade5.jpg\" data-width=\"200\" data-height=\"150\" aria-label=\"\" role=\"img\" ><\/div>\n\t\t\t\t\t\t\t\t\t\t\t<div class=\"elementor-gallery-item__overlay\"><\/div>\n\t\t\t\t\t\t\t\t\t\t\t\t\t\t<\/a>\n\t\t\t\t\t\t\t<a class=\"e-gallery-item elementor-gallery-item elementor-animated-content\" href=\"https:\/\/bvalmocageme.pt\/wp-content\/uploads\/2025\/02\/comunidd3.jpg\" data-elementor-open-lightbox=\"yes\" data-elementor-lightbox-slideshow=\"eb05778\" data-elementor-lightbox-title=\"comunidd3\" data-e-action-hash=\"#elementor-action%3Aaction%3Dlightbox%26settings%3DeyJpZCI6MTE1OCwidXJsIjoiaHR0cHM6XC9cL2J2YWxtb2NhZ2VtZS5wdFwvd3AtY29udGVudFwvdXBsb2Fkc1wvMjAyNVwvMDJcL2NvbXVuaWRkMy5qcGciLCJzbGlkZXNob3ciOiJlYjA1Nzc4In0%3D\">\n\t\t\t\t\t<div class=\"e-gallery-image elementor-gallery-item__image\" data-thumbnail=\"https:\/\/bvalmocageme.pt\/wp-content\/uploads\/2025\/02\/comunidd3.jpg\" data-width=\"200\" data-height=\"121\" aria-label=\"\" role=\"img\" ><\/div>\n\t\t\t\t\t\t\t\t\t\t\t<div class=\"elementor-gallery-item__overlay\"><\/div>\n\t\t\t\t\t\t\t\t\t\t\t\t\t\t<\/a>\n\t\t\t\t\t\t\t<a class=\"e-gallery-item elementor-gallery-item elementor-animated-content\" href=\"https:\/\/bvalmocageme.pt\/wp-content\/uploads\/2025\/02\/comunidade2.jpg\" data-elementor-open-lightbox=\"yes\" data-elementor-lightbox-slideshow=\"eb05778\" data-elementor-lightbox-title=\"comunidade2\" data-e-action-hash=\"#elementor-action%3Aaction%3Dlightbox%26settings%3DeyJpZCI6MTE1OSwidXJsIjoiaHR0cHM6XC9cL2J2YWxtb2NhZ2VtZS5wdFwvd3AtY29udGVudFwvdXBsb2Fkc1wvMjAyNVwvMDJcL2NvbXVuaWRhZGUyLmpwZyIsInNsaWRlc2hvdyI6ImViMDU3NzgifQ%3D%3D\">\n\t\t\t\t\t<div class=\"e-gallery-image elementor-gallery-item__image\" data-thumbnail=\"https:\/\/bvalmocageme.pt\/wp-content\/uploads\/2025\/02\/comunidade2.jpg\" data-width=\"200\" data-height=\"128\" aria-label=\"\" role=\"img\" ><\/div>\n\t\t\t\t\t\t\t\t\t\t\t<div class=\"elementor-gallery-item__overlay\"><\/div>\n\t\t\t\t\t\t\t\t\t\t\t\t\t\t<\/a>\n\t\t\t\t\t\t\t<a class=\"e-gallery-item elementor-gallery-item elementor-animated-content\" href=\"https:\/\/bvalmocageme.pt\/wp-content\/uploads\/2025\/02\/comunidade.jpg\" data-elementor-open-lightbox=\"yes\" data-elementor-lightbox-slideshow=\"eb05778\" data-elementor-lightbox-title=\"comunidade\" data-e-action-hash=\"#elementor-action%3Aaction%3Dlightbox%26settings%3DeyJpZCI6MTE2MCwidXJsIjoiaHR0cHM6XC9cL2J2YWxtb2NhZ2VtZS5wdFwvd3AtY29udGVudFwvdXBsb2Fkc1wvMjAyNVwvMDJcL2NvbXVuaWRhZGUuanBnIiwic2xpZGVzaG93IjoiZWIwNTc3OCJ9\">\n\t\t\t\t\t<div class=\"e-gallery-image elementor-gallery-item__image\" data-thumbnail=\"https:\/\/bvalmocageme.pt\/wp-content\/uploads\/2025\/02\/comunidade.jpg\" data-width=\"200\" data-height=\"145\" aria-label=\"\" role=\"img\" ><\/div>\n\t\t\t\t\t\t\t\t\t\t\t<div class=\"elementor-gallery-item__overlay\"><\/div>\n\t\t\t\t\t\t\t\t\t\t\t\t\t\t<\/a>\n\t\t\t\t\t\t\t<a class=\"e-gallery-item elementor-gallery-item elementor-animated-content\" href=\"https:\/\/bvalmocageme.pt\/wp-content\/uploads\/2025\/02\/AHBVA-N-S-Fatima-2013.jpg\" data-elementor-open-lightbox=\"yes\" data-elementor-lightbox-slideshow=\"eb05778\" data-elementor-lightbox-title=\"AHBVA N S F\u00e1tima 2013\" data-e-action-hash=\"#elementor-action%3Aaction%3Dlightbox%26settings%3DeyJpZCI6MTE2MSwidXJsIjoiaHR0cHM6XC9cL2J2YWxtb2NhZ2VtZS5wdFwvd3AtY29udGVudFwvdXBsb2Fkc1wvMjAyNVwvMDJcL0FIQlZBLU4tUy1GYXRpbWEtMjAxMy5qcGciLCJzbGlkZXNob3ciOiJlYjA1Nzc4In0%3D\">\n\t\t\t\t\t<div class=\"e-gallery-image elementor-gallery-item__image\" data-thumbnail=\"https:\/\/bvalmocageme.pt\/wp-content\/uploads\/2025\/02\/AHBVA-N-S-Fatima-2013.jpg\" data-width=\"450\" data-height=\"393\" aria-label=\"\" role=\"img\" ><\/div>\n\t\t\t\t\t\t\t\t\t\t\t<div class=\"elementor-gallery-item__overlay\"><\/div>\n\t\t\t\t\t\t\t\t\t\t\t\t\t\t<\/a>\n\t\t\t\t\t\t\t<a class=\"e-gallery-item elementor-gallery-item elementor-animated-content\" href=\"https:\/\/bvalmocageme.pt\/wp-content\/uploads\/2025\/02\/watermark.jpg\" data-elementor-open-lightbox=\"yes\" data-elementor-lightbox-slideshow=\"eb05778\" data-elementor-lightbox-title=\"watermark\" data-e-action-hash=\"#elementor-action%3Aaction%3Dlightbox%26settings%3DeyJpZCI6MTE2MiwidXJsIjoiaHR0cHM6XC9cL2J2YWxtb2NhZ2VtZS5wdFwvd3AtY29udGVudFwvdXBsb2Fkc1wvMjAyNVwvMDJcL3dhdGVybWFyay5qcGciLCJzbGlkZXNob3ciOiJlYjA1Nzc4In0%3D\">\n\t\t\t\t\t<div class=\"e-gallery-image elementor-gallery-item__image\" data-thumbnail=\"https:\/\/bvalmocageme.pt\/wp-content\/uploads\/2025\/02\/watermark.jpg\" data-width=\"477\" data-height=\"380\" aria-label=\"\" role=\"img\" ><\/div>\n\t\t\t\t\t\t\t\t\t\t\t<div class=\"elementor-gallery-item__overlay\"><\/div>\n\t\t\t\t\t\t\t\t\t\t\t\t\t\t<\/a>\n\t\t\t\t\t\t\t<a class=\"e-gallery-item elementor-gallery-item elementor-animated-content\" href=\"https:\/\/bvalmocageme.pt\/wp-content\/uploads\/2025\/02\/festasalmocagem1.jpg\" data-elementor-open-lightbox=\"yes\" data-elementor-lightbox-slideshow=\"eb05778\" data-elementor-lightbox-title=\"festasalmo\u00e7agem1\" data-e-action-hash=\"#elementor-action%3Aaction%3Dlightbox%26settings%3DeyJpZCI6MTE2MywidXJsIjoiaHR0cHM6XC9cL2J2YWxtb2NhZ2VtZS5wdFwvd3AtY29udGVudFwvdXBsb2Fkc1wvMjAyNVwvMDJcL2Zlc3Rhc2FsbW9jYWdlbTEuanBnIiwic2xpZGVzaG93IjoiZWIwNTc3OCJ9\">\n\t\t\t\t\t<div class=\"e-gallery-image elementor-gallery-item__image\" data-thumbnail=\"https:\/\/bvalmocageme.pt\/wp-content\/uploads\/2025\/02\/festasalmocagem1.jpg\" data-width=\"292\" data-height=\"400\" aria-label=\"\" role=\"img\" ><\/div>\n\t\t\t\t\t\t\t\t\t\t\t<div class=\"elementor-gallery-item__overlay\"><\/div>\n\t\t\t\t\t\t\t\t\t\t\t\t\t\t<\/a>\n\t\t\t\t\t\t\t<a class=\"e-gallery-item elementor-gallery-item elementor-animated-content\" href=\"https:\/\/bvalmocageme.pt\/wp-content\/uploads\/2025\/02\/AdegaViuvaGomesIluPortuguesa-1.jpg\" data-elementor-open-lightbox=\"yes\" data-elementor-lightbox-slideshow=\"eb05778\" data-elementor-lightbox-title=\"AdegaViuvaGomesIluPortuguesa-1\" data-e-action-hash=\"#elementor-action%3Aaction%3Dlightbox%26settings%3DeyJpZCI6MTE2NCwidXJsIjoiaHR0cHM6XC9cL2J2YWxtb2NhZ2VtZS5wdFwvd3AtY29udGVudFwvdXBsb2Fkc1wvMjAyNVwvMDJcL0FkZWdhVml1dmFHb21lc0lsdVBvcnR1Z3Vlc2EtMS5qcGciLCJzbGlkZXNob3ciOiJlYjA1Nzc4In0%3D\">\n\t\t\t\t\t<div class=\"e-gallery-image elementor-gallery-item__image\" data-thumbnail=\"https:\/\/bvalmocageme.pt\/wp-content\/uploads\/2025\/02\/AdegaViuvaGomesIluPortuguesa-1.jpg\" data-width=\"285\" data-height=\"450\" aria-label=\"\" role=\"img\" ><\/div>\n\t\t\t\t\t\t\t\t\t\t\t<div class=\"elementor-gallery-item__overlay\"><\/div>\n\t\t\t\t\t\t\t\t\t\t\t\t\t\t<\/a>\n\t\t\t\t\t<\/div>\n\t\t\t\t\t<\/div>\n\t\t\t\t\t<\/div>\n\t\t<\/div>\n\t\t\t\t\t<\/div>\n\t\t<\/section>\n\t\t\t\t<\/div>\n\t\t","protected":false},"excerpt":{"rendered":"<p>Comunidade<\/p>\n","protected":false},"author":1,"featured_media":0,"parent":0,"menu_order":0,"comment_status":"closed","ping_status":"closed","template":"","meta":{"footnotes":""},"class_list":["post-1147","page","type-page","status-publish","hentry"],"yoast_head":"<!-- This site is optimized with the Yoast SEO plugin v27.4 - https:\/\/yoast.com\/product\/yoast-seo-wordpress\/ -->\n<title>Comunidade - Bombeiros Almo\u00e7ageme<\/title>\n<meta name=\"robots\" content=\"index, follow, max-snippet:-1, max-image-preview:large, max-video-preview:-1\" \/>\n<link rel=\"canonical\" href=\"https:\/\/bvalmocageme.pt\/index.php\/comunidade-2\/\" \/>\n<meta property=\"og:locale\" content=\"pt_PT\" \/>\n<meta property=\"og:type\" content=\"article\" \/>\n<meta property=\"og:title\" content=\"Comunidade - Bombeiros Almo\u00e7ageme\" \/>\n<meta property=\"og:description\" content=\"Comunidade\" \/>\n<meta property=\"og:url\" content=\"https:\/\/bvalmocageme.pt\/index.php\/comunidade-2\/\" \/>\n<meta property=\"og:site_name\" content=\"Bombeiros Almo\u00e7ageme\" \/>\n<meta property=\"article:modified_time\" content=\"2025-02-12T00:18:36+00:00\" \/>\n<meta name=\"twitter:card\" content=\"summary_large_image\" \/>\n<script type=\"application\/ld+json\" class=\"yoast-schema-graph\">{\"@context\":\"https:\\\/\\\/schema.org\",\"@graph\":[{\"@type\":\"WebPage\",\"@id\":\"https:\\\/\\\/bvalmocageme.pt\\\/index.php\\\/comunidade-2\\\/\",\"url\":\"https:\\\/\\\/bvalmocageme.pt\\\/index.php\\\/comunidade-2\\\/\",\"name\":\"Comunidade - Bombeiros Almo\u00e7ageme\",\"isPartOf\":{\"@id\":\"https:\\\/\\\/bvalmocageme.pt\\\/#website\"},\"datePublished\":\"2025-02-12T00:16:33+00:00\",\"dateModified\":\"2025-02-12T00:18:36+00:00\",\"breadcrumb\":{\"@id\":\"https:\\\/\\\/bvalmocageme.pt\\\/index.php\\\/comunidade-2\\\/#breadcrumb\"},\"inLanguage\":\"pt-PT\",\"potentialAction\":[{\"@type\":\"ReadAction\",\"target\":[\"https:\\\/\\\/bvalmocageme.pt\\\/index.php\\\/comunidade-2\\\/\"]}]},{\"@type\":\"BreadcrumbList\",\"@id\":\"https:\\\/\\\/bvalmocageme.pt\\\/index.php\\\/comunidade-2\\\/#breadcrumb\",\"itemListElement\":[{\"@type\":\"ListItem\",\"position\":1,\"name\":\"In\u00edcio\",\"item\":\"https:\\\/\\\/bvalmocageme.pt\\\/\"},{\"@type\":\"ListItem\",\"position\":2,\"name\":\"Comunidade\"}]},{\"@type\":\"WebSite\",\"@id\":\"https:\\\/\\\/bvalmocageme.pt\\\/#website\",\"url\":\"https:\\\/\\\/bvalmocageme.pt\\\/\",\"name\":\"Bombeiros Almo\u00e7ageme\",\"description\":\"ASSOCIA\u00c7\u00c3O HUMANIT\u00c1RIA DE BOMBEIROS VOLUNT\u00c1RIOS DE ALMO\u00c7AGEME\",\"publisher\":{\"@id\":\"https:\\\/\\\/bvalmocageme.pt\\\/#organization\"},\"potentialAction\":[{\"@type\":\"SearchAction\",\"target\":{\"@type\":\"EntryPoint\",\"urlTemplate\":\"https:\\\/\\\/bvalmocageme.pt\\\/?s={search_term_string}\"},\"query-input\":{\"@type\":\"PropertyValueSpecification\",\"valueRequired\":true,\"valueName\":\"search_term_string\"}}],\"inLanguage\":\"pt-PT\"},{\"@type\":\"Organization\",\"@id\":\"https:\\\/\\\/bvalmocageme.pt\\\/#organization\",\"name\":\"Bombeiros Almo\u00e7ageme\",\"url\":\"https:\\\/\\\/bvalmocageme.pt\\\/\",\"logo\":{\"@type\":\"ImageObject\",\"inLanguage\":\"pt-PT\",\"@id\":\"https:\\\/\\\/bvalmocageme.pt\\\/#\\\/schema\\\/logo\\\/image\\\/\",\"url\":\"https:\\\/\\\/bvalmocageme.pt\\\/wp-content\\\/uploads\\\/2025\\\/01\\\/cropped-cropped-BV_Almocageme.png\",\"contentUrl\":\"https:\\\/\\\/bvalmocageme.pt\\\/wp-content\\\/uploads\\\/2025\\\/01\\\/cropped-cropped-BV_Almocageme.png\",\"width\":512,\"height\":512,\"caption\":\"Bombeiros Almo\u00e7ageme\"},\"image\":{\"@id\":\"https:\\\/\\\/bvalmocageme.pt\\\/#\\\/schema\\\/logo\\\/image\\\/\"}}]}<\/script>\n<!-- \/ Yoast SEO plugin. -->","yoast_head_json":{"title":"Comunidade - Bombeiros Almo\u00e7ageme","robots":{"index":"index","follow":"follow","max-snippet":"max-snippet:-1","max-image-preview":"max-image-preview:large","max-video-preview":"max-video-preview:-1"},"canonical":"https:\/\/bvalmocageme.pt\/index.php\/comunidade-2\/","og_locale":"pt_PT","og_type":"article","og_title":"Comunidade - Bombeiros Almo\u00e7ageme","og_description":"Comunidade","og_url":"https:\/\/bvalmocageme.pt\/index.php\/comunidade-2\/","og_site_name":"Bombeiros Almo\u00e7ageme","article_modified_time":"2025-02-12T00:18:36+00:00","twitter_card":"summary_large_image","schema":{"@context":"https:\/\/schema.org","@graph":[{"@type":"WebPage","@id":"https:\/\/bvalmocageme.pt\/index.php\/comunidade-2\/","url":"https:\/\/bvalmocageme.pt\/index.php\/comunidade-2\/","name":"Comunidade - Bombeiros Almo\u00e7ageme","isPartOf":{"@id":"https:\/\/bvalmocageme.pt\/#website"},"datePublished":"2025-02-12T00:16:33+00:00","dateModified":"2025-02-12T00:18:36+00:00","breadcrumb":{"@id":"https:\/\/bvalmocageme.pt\/index.php\/comunidade-2\/#breadcrumb"},"inLanguage":"pt-PT","potentialAction":[{"@type":"ReadAction","target":["https:\/\/bvalmocageme.pt\/index.php\/comunidade-2\/"]}]},{"@type":"BreadcrumbList","@id":"https:\/\/bvalmocageme.pt\/index.php\/comunidade-2\/#breadcrumb","itemListElement":[{"@type":"ListItem","position":1,"name":"In\u00edcio","item":"https:\/\/bvalmocageme.pt\/"},{"@type":"ListItem","position":2,"name":"Comunidade"}]},{"@type":"WebSite","@id":"https:\/\/bvalmocageme.pt\/#website","url":"https:\/\/bvalmocageme.pt\/","name":"Bombeiros Almo\u00e7ageme","description":"ASSOCIA\u00c7\u00c3O HUMANIT\u00c1RIA DE BOMBEIROS VOLUNT\u00c1RIOS DE ALMO\u00c7AGEME","publisher":{"@id":"https:\/\/bvalmocageme.pt\/#organization"},"potentialAction":[{"@type":"SearchAction","target":{"@type":"EntryPoint","urlTemplate":"https:\/\/bvalmocageme.pt\/?s={search_term_string}"},"query-input":{"@type":"PropertyValueSpecification","valueRequired":true,"valueName":"search_term_string"}}],"inLanguage":"pt-PT"},{"@type":"Organization","@id":"https:\/\/bvalmocageme.pt\/#organization","name":"Bombeiros Almo\u00e7ageme","url":"https:\/\/bvalmocageme.pt\/","logo":{"@type":"ImageObject","inLanguage":"pt-PT","@id":"https:\/\/bvalmocageme.pt\/#\/schema\/logo\/image\/","url":"https:\/\/bvalmocageme.pt\/wp-content\/uploads\/2025\/01\/cropped-cropped-BV_Almocageme.png","contentUrl":"https:\/\/bvalmocageme.pt\/wp-content\/uploads\/2025\/01\/cropped-cropped-BV_Almocageme.png","width":512,"height":512,"caption":"Bombeiros Almo\u00e7ageme"},"image":{"@id":"https:\/\/bvalmocageme.pt\/#\/schema\/logo\/image\/"}}]}},"_links":{"self":[{"href":"https:\/\/bvalmocageme.pt\/index.php\/wp-json\/wp\/v2\/pages\/1147","targetHints":{"allow":["GET"]}}],"collection":[{"href":"https:\/\/bvalmocageme.pt\/index.php\/wp-json\/wp\/v2\/pages"}],"about":[{"href":"https:\/\/bvalmocageme.pt\/index.php\/wp-json\/wp\/v2\/types\/page"}],"author":[{"embeddable":true,"href":"https:\/\/bvalmocageme.pt\/index.php\/wp-json\/wp\/v2\/users\/1"}],"replies":[{"embeddable":true,"href":"https:\/\/bvalmocageme.pt\/index.php\/wp-json\/wp\/v2\/comments?post=1147"}],"version-history":[{"count":7,"href":"https:\/\/bvalmocageme.pt\/index.php\/wp-json\/wp\/v2\/pages\/1147\/revisions"}],"predecessor-version":[{"id":1170,"href":"https:\/\/bvalmocageme.pt\/index.php\/wp-json\/wp\/v2\/pages\/1147\/revisions\/1170"}],"wp:attachment":[{"href":"https:\/\/bvalmocageme.pt\/index.php\/wp-json\/wp\/v2\/media?parent=1147"}],"curies":[{"name":"wp","href":"https:\/\/api.w.org\/{rel}","templated":true}]}}