{"id":46,"date":"2025-01-24T22:18:56","date_gmt":"2025-01-24T22:18:56","guid":{"rendered":"https:\/\/bvalmocageme.pt\/?page_id=46"},"modified":"2026-03-19T13:44:13","modified_gmt":"2026-03-19T13:44:13","slug":"planos-de-atividades","status":"publish","type":"page","link":"https:\/\/bvalmocageme.pt\/index.php\/planos-de-atividades\/","title":{"rendered":"Planos de Atividades"},"content":{"rendered":"\t\t<div data-elementor-type=\"wp-page\" data-elementor-id=\"46\" class=\"elementor elementor-46\" data-elementor-post-type=\"page\">\n\t\t\t\t\t\t<section class=\"elementor-section elementor-top-section elementor-element elementor-element-39966d1b elementor-section-full_width elementor-section-height-min-height elementor-section-height-default elementor-section-items-middle elementor-invisible\" data-id=\"39966d1b\" data-element_type=\"section\" data-e-type=\"section\" data-settings=\"{&quot;background_background&quot;:&quot;classic&quot;,&quot;animation&quot;:&quot;fadeIn&quot;}\">\n\t\t\t\t\t\t\t<div class=\"elementor-background-overlay\"><\/div>\n\t\t\t\t\t\t\t<div class=\"elementor-container elementor-column-gap-default\">\n\t\t\t\t\t<div class=\"elementor-column elementor-col-100 elementor-top-column elementor-element elementor-element-31789085\" data-id=\"31789085\" data-element_type=\"column\" data-e-type=\"column\">\n\t\t\t<div class=\"elementor-widget-wrap elementor-element-populated\">\n\t\t\t\t\t\t<div class=\"elementor-element elementor-element-56ae2840 elementor-widget elementor-widget-menu-anchor\" data-id=\"56ae2840\" data-element_type=\"widget\" data-e-type=\"widget\" data-widget_type=\"menu-anchor.default\">\n\t\t\t\t\t\t\t<div class=\"elementor-menu-anchor\" id=\"home\"><\/div>\n\t\t\t\t\t\t<\/div>\n\t\t\t\t\t<\/div>\n\t\t<\/div>\n\t\t\t\t\t<\/div>\n\t\t<\/section>\n\t\t\t\t<section class=\"elementor-section elementor-top-section elementor-element elementor-element-2dd9b00 elementor-section-boxed elementor-section-height-default elementor-section-height-default\" data-id=\"2dd9b00\" data-element_type=\"section\" data-e-type=\"section\" data-settings=\"{&quot;background_background&quot;:&quot;classic&quot;}\">\n\t\t\t\t\t\t<div class=\"elementor-container elementor-column-gap-default\">\n\t\t\t\t\t<div class=\"elementor-column elementor-col-100 elementor-top-column elementor-element elementor-element-bf012e7\" data-id=\"bf012e7\" data-element_type=\"column\" data-e-type=\"column\">\n\t\t\t<div class=\"elementor-widget-wrap elementor-element-populated\">\n\t\t\t\t\t\t<div class=\"elementor-element elementor-element-2950c4f2 elementor-invisible elementor-widget elementor-widget-heading\" data-id=\"2950c4f2\" data-element_type=\"widget\" data-e-type=\"widget\" data-settings=\"{&quot;_animation&quot;:&quot;fadeInUp&quot;}\" data-widget_type=\"heading.default\">\n\t\t\t\t\t<h2 class=\"elementor-heading-title elementor-size-default\">Planos de Atividades<\/h2>\t\t\t\t<\/div>\n\t\t<div class=\"elementor-element elementor-element-b96bbb7 e-flex e-con-boxed e-con e-parent\" data-id=\"b96bbb7\" data-element_type=\"container\" data-e-type=\"container\">\n\t\t\t\t\t<div class=\"e-con-inner\">\n\t\t\t\t<div class=\"elementor-element elementor-element-a427320 elementor-align-center elementor-widget__width-initial elementor-widget elementor-widget-button\" data-id=\"a427320\" data-element_type=\"widget\" data-e-type=\"widget\" data-widget_type=\"button.default\">\n\t\t\t\t\t\t\t\t\t\t<a class=\"elementor-button elementor-button-link elementor-size-sm\" href=\"https:\/\/bvalmocageme.pt\/wp-content\/uploads\/2026\/03\/Plano-de-Atividades-2023_2025.pdf\" target=\"_blank\">\n\t\t\t\t\t\t<span class=\"elementor-button-content-wrapper\">\n\t\t\t\t\t\t\t\t\t<span class=\"elementor-button-text\">2023\/ 2025<\/span>\n\t\t\t\t\t<\/span>\n\t\t\t\t\t<\/a>\n\t\t\t\t\t\t\t\t<\/div>\n\t\t\t\t<div class=\"elementor-element elementor-element-d008e31 elementor-align-center elementor-widget__width-initial elementor-widget elementor-widget-button\" data-id=\"d008e31\" data-element_type=\"widget\" data-e-type=\"widget\" data-widget_type=\"button.default\">\n\t\t\t\t\t\t\t\t\t\t<a class=\"elementor-button elementor-button-link elementor-size-sm\" href=\"#\">\n\t\t\t\t\t\t<span class=\"elementor-button-content-wrapper\">\n\t\t\t\t\t\t\t\t\t<span class=\"elementor-button-text\">Brevemente<\/span>\n\t\t\t\t\t<\/span>\n\t\t\t\t\t<\/a>\n\t\t\t\t\t\t\t\t<\/div>\n\t\t\t\t\t<\/div>\n\t\t\t\t<\/div>\n\t\t\t\t<div class=\"elementor-element elementor-element-5f134789 elementor-widget elementor-widget-spacer\" data-id=\"5f134789\" data-element_type=\"widget\" data-e-type=\"widget\" data-widget_type=\"spacer.default\">\n\t\t\t\t\t\t\t<div class=\"elementor-spacer\">\n\t\t\t<div class=\"elementor-spacer-inner\"><\/div>\n\t\t<\/div>\n\t\t\t\t\t\t<\/div>\n\t\t\t\t\t<\/div>\n\t\t<\/div>\n\t\t\t\t\t<\/div>\n\t\t<\/section>\n\t\t<div class=\"elementor-element elementor-element-1c053b2 e-flex e-con-boxed e-con e-parent\" data-id=\"1c053b2\" data-element_type=\"container\" data-e-type=\"container\">\n\t\t\t\t\t<div class=\"e-con-inner\">\n\t\t<div class=\"elementor-element elementor-element-002f645 e-con-full e-flex e-con e-child\" data-id=\"002f645\" data-element_type=\"container\" data-e-type=\"container\">\n\t\t\t\t<div class=\"elementor-element elementor-element-3687285 elementor-arrows-position-inside elementor-pagination-position-outside elementor-widget elementor-widget-image-carousel\" data-id=\"3687285\" data-element_type=\"widget\" data-e-type=\"widget\" data-settings=\"{&quot;slides_to_show&quot;:&quot;1&quot;,&quot;navigation&quot;:&quot;both&quot;,&quot;autoplay&quot;:&quot;yes&quot;,&quot;pause_on_hover&quot;:&quot;yes&quot;,&quot;pause_on_interaction&quot;:&quot;yes&quot;,&quot;autoplay_speed&quot;:5000,&quot;infinite&quot;:&quot;yes&quot;,&quot;effect&quot;:&quot;slide&quot;,&quot;speed&quot;:500}\" data-widget_type=\"image-carousel.default\">\n\t\t\t\t\t\t\t<div class=\"elementor-image-carousel-wrapper swiper\" role=\"region\" aria-roledescription=\"carousel\" aria-label=\"Carrossel de imagens\" dir=\"ltr\">\n\t\t\t<div class=\"elementor-image-carousel swiper-wrapper\" aria-live=\"off\">\n\t\t\t\t\t\t\t\t<div class=\"swiper-slide\" role=\"group\" aria-roledescription=\"slide\" aria-label=\"1 of 3\"><figure class=\"swiper-slide-inner\"><img decoding=\"async\" class=\"swiper-slide-image\" src=\"https:\/\/bvalmocageme.pt\/wp-content\/uploads\/2026\/03\/WhatsApp-Image-2026-03-16-at-13.08.51-768x768.jpeg\" alt=\"WhatsApp Image 2026-03-16 at 13.08.51\" \/><\/figure><\/div><div class=\"swiper-slide\" role=\"group\" aria-roledescription=\"slide\" aria-label=\"2 of 3\"><figure class=\"swiper-slide-inner\"><img decoding=\"async\" class=\"swiper-slide-image\" src=\"https:\/\/bvalmocageme.pt\/wp-content\/uploads\/2026\/03\/WhatsApp-Image-2025-03-10-at-09.18.42-2-768x768.jpeg\" alt=\"WhatsApp Image 2025-03-10 at 09.18.42 (2)\" \/><\/figure><\/div><div class=\"swiper-slide\" role=\"group\" aria-roledescription=\"slide\" aria-label=\"3 of 3\"><figure class=\"swiper-slide-inner\"><img decoding=\"async\" class=\"swiper-slide-image\" src=\"https:\/\/bvalmocageme.pt\/wp-content\/uploads\/2026\/03\/WhatsApp-Image-2026-03-16-at-13.08.57-1-768x768.jpeg\" alt=\"WhatsApp Image 2026-03-16 at 13.08.57 (1)\" \/><\/figure><\/div>\t\t\t<\/div>\n\t\t\t\t\t\t\t\t\t\t\t\t<div class=\"elementor-swiper-button elementor-swiper-button-prev\" role=\"button\" tabindex=\"0\">\n\t\t\t\t\t\t<svg aria-hidden=\"true\" class=\"e-font-icon-svg e-eicon-chevron-left\" viewBox=\"0 0 1000 1000\" xmlns=\"http:\/\/www.w3.org\/2000\/svg\"><path d=\"M646 125C629 125 613 133 604 142L308 442C296 454 292 471 292 487 292 504 296 521 308 533L604 854C617 867 629 875 646 875 663 875 679 871 692 858 704 846 713 829 713 812 713 796 708 779 692 767L438 487 692 225C700 217 708 204 708 187 708 171 704 154 692 142 675 129 663 125 646 125Z\"><\/path><\/svg>\t\t\t\t\t<\/div>\n\t\t\t\t\t<div class=\"elementor-swiper-button elementor-swiper-button-next\" role=\"button\" tabindex=\"0\">\n\t\t\t\t\t\t<svg aria-hidden=\"true\" class=\"e-font-icon-svg e-eicon-chevron-right\" viewBox=\"0 0 1000 1000\" xmlns=\"http:\/\/www.w3.org\/2000\/svg\"><path d=\"M696 533C708 521 713 504 713 487 713 471 708 454 696 446L400 146C388 133 375 125 354 125 338 125 325 129 313 142 300 154 292 171 292 187 292 204 296 221 308 233L563 492 304 771C292 783 288 800 288 817 288 833 296 850 308 863 321 871 338 875 354 875 371 875 388 867 400 854L696 533Z\"><\/path><\/svg>\t\t\t\t\t<\/div>\n\t\t\t\t\n\t\t\t\t\t\t\t\t\t<div class=\"swiper-pagination\"><\/div>\n\t\t\t\t\t\t\t\t\t<\/div>\n\t\t\t\t\t\t<\/div>\n\t\t\t\t<\/div>\n\t\t<div class=\"elementor-element elementor-element-1cd8a0a e-con-full e-flex e-con e-child\" data-id=\"1cd8a0a\" data-element_type=\"container\" data-e-type=\"container\">\n\t\t\t\t<div class=\"elementor-element elementor-element-6b14ee9 elementor-arrows-position-inside elementor-pagination-position-outside elementor-widget elementor-widget-image-carousel\" data-id=\"6b14ee9\" data-element_type=\"widget\" data-e-type=\"widget\" data-settings=\"{&quot;slides_to_show&quot;:&quot;1&quot;,&quot;navigation&quot;:&quot;both&quot;,&quot;autoplay&quot;:&quot;yes&quot;,&quot;pause_on_hover&quot;:&quot;yes&quot;,&quot;pause_on_interaction&quot;:&quot;yes&quot;,&quot;autoplay_speed&quot;:5000,&quot;infinite&quot;:&quot;yes&quot;,&quot;effect&quot;:&quot;slide&quot;,&quot;speed&quot;:500}\" data-widget_type=\"image-carousel.default\">\n\t\t\t\t\t\t\t<div class=\"elementor-image-carousel-wrapper swiper\" role=\"region\" aria-roledescription=\"carousel\" aria-label=\"Carrossel de imagens\" dir=\"ltr\">\n\t\t\t<div class=\"elementor-image-carousel swiper-wrapper\" aria-live=\"off\">\n\t\t\t\t\t\t\t\t<div class=\"swiper-slide\" role=\"group\" aria-roledescription=\"slide\" aria-label=\"1 of 3\"><figure class=\"swiper-slide-inner\"><img decoding=\"async\" class=\"swiper-slide-image\" src=\"https:\/\/bvalmocageme.pt\/wp-content\/uploads\/2026\/03\/WhatsApp-Image-2026-03-16-at-13.08.51-3-768x768.jpeg\" alt=\"WhatsApp Image 2026-03-16 at 13.08.51 (3)\" \/><\/figure><\/div><div class=\"swiper-slide\" role=\"group\" aria-roledescription=\"slide\" aria-label=\"2 of 3\"><figure class=\"swiper-slide-inner\"><img decoding=\"async\" class=\"swiper-slide-image\" src=\"https:\/\/bvalmocageme.pt\/wp-content\/uploads\/2026\/03\/WhatsApp-Image-2026-03-16-at-13.08.50-3-768x768.jpeg\" alt=\"WhatsApp Image 2026-03-16 at 13.08.50 (3)\" \/><\/figure><\/div><div class=\"swiper-slide\" role=\"group\" aria-roledescription=\"slide\" aria-label=\"3 of 3\"><figure class=\"swiper-slide-inner\"><img decoding=\"async\" class=\"swiper-slide-image\" src=\"https:\/\/bvalmocageme.pt\/wp-content\/uploads\/2026\/03\/WhatsApp-Image-2026-03-16-at-13.08.50-2-768x768.jpeg\" alt=\"WhatsApp Image 2026-03-16 at 13.08.50 (2)\" \/><\/figure><\/div>\t\t\t<\/div>\n\t\t\t\t\t\t\t\t\t\t\t\t<div class=\"elementor-swiper-button elementor-swiper-button-prev\" role=\"button\" tabindex=\"0\">\n\t\t\t\t\t\t<svg aria-hidden=\"true\" class=\"e-font-icon-svg e-eicon-chevron-left\" viewBox=\"0 0 1000 1000\" xmlns=\"http:\/\/www.w3.org\/2000\/svg\"><path d=\"M646 125C629 125 613 133 604 142L308 442C296 454 292 471 292 487 292 504 296 521 308 533L604 854C617 867 629 875 646 875 663 875 679 871 692 858 704 846 713 829 713 812 713 796 708 779 692 767L438 487 692 225C700 217 708 204 708 187 708 171 704 154 692 142 675 129 663 125 646 125Z\"><\/path><\/svg>\t\t\t\t\t<\/div>\n\t\t\t\t\t<div class=\"elementor-swiper-button elementor-swiper-button-next\" role=\"button\" tabindex=\"0\">\n\t\t\t\t\t\t<svg aria-hidden=\"true\" class=\"e-font-icon-svg e-eicon-chevron-right\" viewBox=\"0 0 1000 1000\" xmlns=\"http:\/\/www.w3.org\/2000\/svg\"><path d=\"M696 533C708 521 713 504 713 487 713 471 708 454 696 446L400 146C388 133 375 125 354 125 338 125 325 129 313 142 300 154 292 171 292 187 292 204 296 221 308 233L563 492 304 771C292 783 288 800 288 817 288 833 296 850 308 863 321 871 338 875 354 875 371 875 388 867 400 854L696 533Z\"><\/path><\/svg>\t\t\t\t\t<\/div>\n\t\t\t\t\n\t\t\t\t\t\t\t\t\t<div class=\"swiper-pagination\"><\/div>\n\t\t\t\t\t\t\t\t\t<\/div>\n\t\t\t\t\t\t<\/div>\n\t\t\t\t<\/div>\n\t\t<div class=\"elementor-element elementor-element-bd26dc4 e-con-full e-flex e-con e-child\" data-id=\"bd26dc4\" data-element_type=\"container\" data-e-type=\"container\">\n\t\t\t\t<div class=\"elementor-element elementor-element-3b72ec5 elementor-arrows-position-inside elementor-pagination-position-outside elementor-widget elementor-widget-image-carousel\" data-id=\"3b72ec5\" data-element_type=\"widget\" data-e-type=\"widget\" data-settings=\"{&quot;slides_to_show&quot;:&quot;1&quot;,&quot;navigation&quot;:&quot;both&quot;,&quot;autoplay&quot;:&quot;yes&quot;,&quot;pause_on_hover&quot;:&quot;yes&quot;,&quot;pause_on_interaction&quot;:&quot;yes&quot;,&quot;autoplay_speed&quot;:5000,&quot;infinite&quot;:&quot;yes&quot;,&quot;effect&quot;:&quot;slide&quot;,&quot;speed&quot;:500}\" data-widget_type=\"image-carousel.default\">\n\t\t\t\t\t\t\t<div class=\"elementor-image-carousel-wrapper swiper\" role=\"region\" aria-roledescription=\"carousel\" aria-label=\"Carrossel de imagens\" dir=\"ltr\">\n\t\t\t<div class=\"elementor-image-carousel swiper-wrapper\" aria-live=\"off\">\n\t\t\t\t\t\t\t\t<div class=\"swiper-slide\" role=\"group\" aria-roledescription=\"slide\" aria-label=\"1 of 3\"><figure class=\"swiper-slide-inner\"><img decoding=\"async\" class=\"swiper-slide-image\" src=\"https:\/\/bvalmocageme.pt\/wp-content\/uploads\/2026\/03\/WhatsApp-Image-2026-03-16-at-13.08.51-2-768x768.jpeg\" alt=\"WhatsApp Image 2026-03-16 at 13.08.51 (2)\" \/><\/figure><\/div><div class=\"swiper-slide\" role=\"group\" aria-roledescription=\"slide\" aria-label=\"2 of 3\"><figure class=\"swiper-slide-inner\"><img decoding=\"async\" class=\"swiper-slide-image\" src=\"https:\/\/bvalmocageme.pt\/wp-content\/uploads\/2026\/03\/WhatsApp-Image-2026-03-16-at-13.08.45-2-768x768.jpeg\" alt=\"WhatsApp Image 2026-03-16 at 13.08.45 (2)\" \/><\/figure><\/div><div class=\"swiper-slide\" role=\"group\" aria-roledescription=\"slide\" aria-label=\"3 of 3\"><figure class=\"swiper-slide-inner\"><img decoding=\"async\" class=\"swiper-slide-image\" src=\"https:\/\/bvalmocageme.pt\/wp-content\/uploads\/2026\/03\/WhatsApp-Image-2026-03-16-at-13.08.43-1-768x768.jpeg\" alt=\"WhatsApp Image 2026-03-16 at 13.08.43 (1)\" \/><\/figure><\/div>\t\t\t<\/div>\n\t\t\t\t\t\t\t\t\t\t\t\t<div class=\"elementor-swiper-button elementor-swiper-button-prev\" role=\"button\" tabindex=\"0\">\n\t\t\t\t\t\t<svg aria-hidden=\"true\" class=\"e-font-icon-svg e-eicon-chevron-left\" viewBox=\"0 0 1000 1000\" xmlns=\"http:\/\/www.w3.org\/2000\/svg\"><path d=\"M646 125C629 125 613 133 604 142L308 442C296 454 292 471 292 487 292 504 296 521 308 533L604 854C617 867 629 875 646 875 663 875 679 871 692 858 704 846 713 829 713 812 713 796 708 779 692 767L438 487 692 225C700 217 708 204 708 187 708 171 704 154 692 142 675 129 663 125 646 125Z\"><\/path><\/svg>\t\t\t\t\t<\/div>\n\t\t\t\t\t<div class=\"elementor-swiper-button elementor-swiper-button-next\" role=\"button\" tabindex=\"0\">\n\t\t\t\t\t\t<svg aria-hidden=\"true\" class=\"e-font-icon-svg e-eicon-chevron-right\" viewBox=\"0 0 1000 1000\" xmlns=\"http:\/\/www.w3.org\/2000\/svg\"><path d=\"M696 533C708 521 713 504 713 487 713 471 708 454 696 446L400 146C388 133 375 125 354 125 338 125 325 129 313 142 300 154 292 171 292 187 292 204 296 221 308 233L563 492 304 771C292 783 288 800 288 817 288 833 296 850 308 863 321 871 338 875 354 875 371 875 388 867 400 854L696 533Z\"><\/path><\/svg>\t\t\t\t\t<\/div>\n\t\t\t\t\n\t\t\t\t\t\t\t\t\t<div class=\"swiper-pagination\"><\/div>\n\t\t\t\t\t\t\t\t\t<\/div>\n\t\t\t\t\t\t<\/div>\n\t\t\t\t<\/div>\n\t\t\t\t\t<\/div>\n\t\t\t\t<\/div>\n\t\t\t\t<\/div>\n\t\t","protected":false},"excerpt":{"rendered":"<p>Planos de Atividades 2023\/ 2025 Brevemente<\/p>\n","protected":false},"author":1,"featured_media":0,"parent":0,"menu_order":0,"comment_status":"closed","ping_status":"closed","template":"","meta":{"footnotes":""},"class_list":["post-46","page","type-page","status-publish","hentry"],"yoast_head":"<!-- This site is optimized with the Yoast SEO plugin v27.4 - https:\/\/yoast.com\/product\/yoast-seo-wordpress\/ -->\n<title>Planos de Atividades - Bombeiros Almo\u00e7ageme<\/title>\n<meta name=\"robots\" content=\"index, follow, max-snippet:-1, max-image-preview:large, max-video-preview:-1\" \/>\n<link rel=\"canonical\" href=\"https:\/\/bvalmocageme.pt\/index.php\/planos-de-atividades\/\" \/>\n<meta property=\"og:locale\" content=\"pt_PT\" \/>\n<meta property=\"og:type\" content=\"article\" \/>\n<meta property=\"og:title\" content=\"Planos de Atividades - Bombeiros Almo\u00e7ageme\" \/>\n<meta property=\"og:description\" content=\"Planos de Atividades 2023\/ 2025 Brevemente\" \/>\n<meta property=\"og:url\" content=\"https:\/\/bvalmocageme.pt\/index.php\/planos-de-atividades\/\" \/>\n<meta property=\"og:site_name\" content=\"Bombeiros Almo\u00e7ageme\" \/>\n<meta property=\"article:modified_time\" content=\"2026-03-19T13:44:13+00:00\" \/>\n<meta property=\"og:image\" content=\"https:\/\/bvalmocageme.pt\/wp-content\/uploads\/2026\/03\/WhatsApp-Image-2026-03-16-at-13.08.51-768x768.jpeg\" \/>\n<meta name=\"twitter:card\" content=\"summary_large_image\" \/>\n<meta name=\"twitter:label1\" content=\"Tempo estimado de leitura\" \/>\n\t<meta name=\"twitter:data1\" content=\"4 minutos\" \/>\n<script type=\"application\/ld+json\" class=\"yoast-schema-graph\">{\"@context\":\"https:\\\/\\\/schema.org\",\"@graph\":[{\"@type\":\"WebPage\",\"@id\":\"https:\\\/\\\/bvalmocageme.pt\\\/index.php\\\/planos-de-atividades\\\/\",\"url\":\"https:\\\/\\\/bvalmocageme.pt\\\/index.php\\\/planos-de-atividades\\\/\",\"name\":\"Planos de Atividades - Bombeiros Almo\u00e7ageme\",\"isPartOf\":{\"@id\":\"https:\\\/\\\/bvalmocageme.pt\\\/#website\"},\"primaryImageOfPage\":{\"@id\":\"https:\\\/\\\/bvalmocageme.pt\\\/index.php\\\/planos-de-atividades\\\/#primaryimage\"},\"image\":{\"@id\":\"https:\\\/\\\/bvalmocageme.pt\\\/index.php\\\/planos-de-atividades\\\/#primaryimage\"},\"thumbnailUrl\":\"https:\\\/\\\/bvalmocageme.pt\\\/wp-content\\\/uploads\\\/2026\\\/03\\\/WhatsApp-Image-2026-03-16-at-13.08.51-768x768.jpeg\",\"datePublished\":\"2025-01-24T22:18:56+00:00\",\"dateModified\":\"2026-03-19T13:44:13+00:00\",\"breadcrumb\":{\"@id\":\"https:\\\/\\\/bvalmocageme.pt\\\/index.php\\\/planos-de-atividades\\\/#breadcrumb\"},\"inLanguage\":\"pt-PT\",\"potentialAction\":[{\"@type\":\"ReadAction\",\"target\":[\"https:\\\/\\\/bvalmocageme.pt\\\/index.php\\\/planos-de-atividades\\\/\"]}]},{\"@type\":\"ImageObject\",\"inLanguage\":\"pt-PT\",\"@id\":\"https:\\\/\\\/bvalmocageme.pt\\\/index.php\\\/planos-de-atividades\\\/#primaryimage\",\"url\":\"https:\\\/\\\/bvalmocageme.pt\\\/wp-content\\\/uploads\\\/2026\\\/03\\\/WhatsApp-Image-2026-03-16-at-13.08.51-768x768.jpeg\",\"contentUrl\":\"https:\\\/\\\/bvalmocageme.pt\\\/wp-content\\\/uploads\\\/2026\\\/03\\\/WhatsApp-Image-2026-03-16-at-13.08.51-768x768.jpeg\"},{\"@type\":\"BreadcrumbList\",\"@id\":\"https:\\\/\\\/bvalmocageme.pt\\\/index.php\\\/planos-de-atividades\\\/#breadcrumb\",\"itemListElement\":[{\"@type\":\"ListItem\",\"position\":1,\"name\":\"In\u00edcio\",\"item\":\"https:\\\/\\\/bvalmocageme.pt\\\/\"},{\"@type\":\"ListItem\",\"position\":2,\"name\":\"Planos de Atividades\"}]},{\"@type\":\"WebSite\",\"@id\":\"https:\\\/\\\/bvalmocageme.pt\\\/#website\",\"url\":\"https:\\\/\\\/bvalmocageme.pt\\\/\",\"name\":\"Bombeiros Almo\u00e7ageme\",\"description\":\"ASSOCIA\u00c7\u00c3O HUMANIT\u00c1RIA DE BOMBEIROS VOLUNT\u00c1RIOS DE ALMO\u00c7AGEME\",\"publisher\":{\"@id\":\"https:\\\/\\\/bvalmocageme.pt\\\/#organization\"},\"potentialAction\":[{\"@type\":\"SearchAction\",\"target\":{\"@type\":\"EntryPoint\",\"urlTemplate\":\"https:\\\/\\\/bvalmocageme.pt\\\/?s={search_term_string}\"},\"query-input\":{\"@type\":\"PropertyValueSpecification\",\"valueRequired\":true,\"valueName\":\"search_term_string\"}}],\"inLanguage\":\"pt-PT\"},{\"@type\":\"Organization\",\"@id\":\"https:\\\/\\\/bvalmocageme.pt\\\/#organization\",\"name\":\"Bombeiros Almo\u00e7ageme\",\"url\":\"https:\\\/\\\/bvalmocageme.pt\\\/\",\"logo\":{\"@type\":\"ImageObject\",\"inLanguage\":\"pt-PT\",\"@id\":\"https:\\\/\\\/bvalmocageme.pt\\\/#\\\/schema\\\/logo\\\/image\\\/\",\"url\":\"https:\\\/\\\/bvalmocageme.pt\\\/wp-content\\\/uploads\\\/2025\\\/01\\\/cropped-cropped-BV_Almocageme.png\",\"contentUrl\":\"https:\\\/\\\/bvalmocageme.pt\\\/wp-content\\\/uploads\\\/2025\\\/01\\\/cropped-cropped-BV_Almocageme.png\",\"width\":512,\"height\":512,\"caption\":\"Bombeiros Almo\u00e7ageme\"},\"image\":{\"@id\":\"https:\\\/\\\/bvalmocageme.pt\\\/#\\\/schema\\\/logo\\\/image\\\/\"}}]}<\/script>\n<!-- \/ Yoast SEO plugin. -->","yoast_head_json":{"title":"Planos de Atividades - Bombeiros Almo\u00e7ageme","robots":{"index":"index","follow":"follow","max-snippet":"max-snippet:-1","max-image-preview":"max-image-preview:large","max-video-preview":"max-video-preview:-1"},"canonical":"https:\/\/bvalmocageme.pt\/index.php\/planos-de-atividades\/","og_locale":"pt_PT","og_type":"article","og_title":"Planos de Atividades - Bombeiros Almo\u00e7ageme","og_description":"Planos de Atividades 2023\/ 2025 Brevemente","og_url":"https:\/\/bvalmocageme.pt\/index.php\/planos-de-atividades\/","og_site_name":"Bombeiros Almo\u00e7ageme","article_modified_time":"2026-03-19T13:44:13+00:00","og_image":[{"url":"https:\/\/bvalmocageme.pt\/wp-content\/uploads\/2026\/03\/WhatsApp-Image-2026-03-16-at-13.08.51-768x768.jpeg","type":"","width":"","height":""}],"twitter_card":"summary_large_image","twitter_misc":{"Tempo estimado de leitura":"4 minutos"},"schema":{"@context":"https:\/\/schema.org","@graph":[{"@type":"WebPage","@id":"https:\/\/bvalmocageme.pt\/index.php\/planos-de-atividades\/","url":"https:\/\/bvalmocageme.pt\/index.php\/planos-de-atividades\/","name":"Planos de Atividades - Bombeiros Almo\u00e7ageme","isPartOf":{"@id":"https:\/\/bvalmocageme.pt\/#website"},"primaryImageOfPage":{"@id":"https:\/\/bvalmocageme.pt\/index.php\/planos-de-atividades\/#primaryimage"},"image":{"@id":"https:\/\/bvalmocageme.pt\/index.php\/planos-de-atividades\/#primaryimage"},"thumbnailUrl":"https:\/\/bvalmocageme.pt\/wp-content\/uploads\/2026\/03\/WhatsApp-Image-2026-03-16-at-13.08.51-768x768.jpeg","datePublished":"2025-01-24T22:18:56+00:00","dateModified":"2026-03-19T13:44:13+00:00","breadcrumb":{"@id":"https:\/\/bvalmocageme.pt\/index.php\/planos-de-atividades\/#breadcrumb"},"inLanguage":"pt-PT","potentialAction":[{"@type":"ReadAction","target":["https:\/\/bvalmocageme.pt\/index.php\/planos-de-atividades\/"]}]},{"@type":"ImageObject","inLanguage":"pt-PT","@id":"https:\/\/bvalmocageme.pt\/index.php\/planos-de-atividades\/#primaryimage","url":"https:\/\/bvalmocageme.pt\/wp-content\/uploads\/2026\/03\/WhatsApp-Image-2026-03-16-at-13.08.51-768x768.jpeg","contentUrl":"https:\/\/bvalmocageme.pt\/wp-content\/uploads\/2026\/03\/WhatsApp-Image-2026-03-16-at-13.08.51-768x768.jpeg"},{"@type":"BreadcrumbList","@id":"https:\/\/bvalmocageme.pt\/index.php\/planos-de-atividades\/#breadcrumb","itemListElement":[{"@type":"ListItem","position":1,"name":"In\u00edcio","item":"https:\/\/bvalmocageme.pt\/"},{"@type":"ListItem","position":2,"name":"Planos de Atividades"}]},{"@type":"WebSite","@id":"https:\/\/bvalmocageme.pt\/#website","url":"https:\/\/bvalmocageme.pt\/","name":"Bombeiros Almo\u00e7ageme","description":"ASSOCIA\u00c7\u00c3O HUMANIT\u00c1RIA DE BOMBEIROS VOLUNT\u00c1RIOS DE ALMO\u00c7AGEME","publisher":{"@id":"https:\/\/bvalmocageme.pt\/#organization"},"potentialAction":[{"@type":"SearchAction","target":{"@type":"EntryPoint","urlTemplate":"https:\/\/bvalmocageme.pt\/?s={search_term_string}"},"query-input":{"@type":"PropertyValueSpecification","valueRequired":true,"valueName":"search_term_string"}}],"inLanguage":"pt-PT"},{"@type":"Organization","@id":"https:\/\/bvalmocageme.pt\/#organization","name":"Bombeiros Almo\u00e7ageme","url":"https:\/\/bvalmocageme.pt\/","logo":{"@type":"ImageObject","inLanguage":"pt-PT","@id":"https:\/\/bvalmocageme.pt\/#\/schema\/logo\/image\/","url":"https:\/\/bvalmocageme.pt\/wp-content\/uploads\/2025\/01\/cropped-cropped-BV_Almocageme.png","contentUrl":"https:\/\/bvalmocageme.pt\/wp-content\/uploads\/2025\/01\/cropped-cropped-BV_Almocageme.png","width":512,"height":512,"caption":"Bombeiros Almo\u00e7ageme"},"image":{"@id":"https:\/\/bvalmocageme.pt\/#\/schema\/logo\/image\/"}}]}},"_links":{"self":[{"href":"https:\/\/bvalmocageme.pt\/index.php\/wp-json\/wp\/v2\/pages\/46","targetHints":{"allow":["GET"]}}],"collection":[{"href":"https:\/\/bvalmocageme.pt\/index.php\/wp-json\/wp\/v2\/pages"}],"about":[{"href":"https:\/\/bvalmocageme.pt\/index.php\/wp-json\/wp\/v2\/types\/page"}],"author":[{"embeddable":true,"href":"https:\/\/bvalmocageme.pt\/index.php\/wp-json\/wp\/v2\/users\/1"}],"replies":[{"embeddable":true,"href":"https:\/\/bvalmocageme.pt\/index.php\/wp-json\/wp\/v2\/comments?post=46"}],"version-history":[{"count":40,"href":"https:\/\/bvalmocageme.pt\/index.php\/wp-json\/wp\/v2\/pages\/46\/revisions"}],"predecessor-version":[{"id":2210,"href":"https:\/\/bvalmocageme.pt\/index.php\/wp-json\/wp\/v2\/pages\/46\/revisions\/2210"}],"wp:attachment":[{"href":"https:\/\/bvalmocageme.pt\/index.php\/wp-json\/wp\/v2\/media?parent=46"}],"curies":[{"name":"wp","href":"https:\/\/api.w.org\/{rel}","templated":true}]}}