{"id":656,"date":"2025-02-10T13:50:16","date_gmt":"2025-02-10T13:50:16","guid":{"rendered":"https:\/\/bvalmocageme.pt\/?page_id=656"},"modified":"2025-02-10T14:03:29","modified_gmt":"2025-02-10T14:03:29","slug":"iinformacao-util","status":"publish","type":"page","link":"https:\/\/bvalmocageme.pt\/index.php\/iinformacao-util\/","title":{"rendered":"IINFORMA\u00c7\u00c3O \u00daTIL"},"content":{"rendered":"","protected":false},"excerpt":{"rendered":"","protected":false},"author":1,"featured_media":0,"parent":0,"menu_order":0,"comment_status":"closed","ping_status":"closed","template":"","meta":{"footnotes":""},"class_list":["post-656","page","type-page","status-publish","hentry"],"yoast_head":"<!-- This site is optimized with the Yoast SEO plugin v27.4 - https:\/\/yoast.com\/product\/yoast-seo-wordpress\/ -->\n<title>IINFORMA\u00c7\u00c3O \u00daTIL - Bombeiros Almo\u00e7ageme<\/title>\n<meta name=\"robots\" content=\"index, follow, max-snippet:-1, max-image-preview:large, max-video-preview:-1\" \/>\n<link rel=\"canonical\" href=\"https:\/\/bvalmocageme.pt\/index.php\/iinformacao-util\/\" \/>\n<meta property=\"og:locale\" content=\"pt_PT\" \/>\n<meta property=\"og:type\" content=\"article\" \/>\n<meta property=\"og:title\" content=\"IINFORMA\u00c7\u00c3O \u00daTIL - Bombeiros Almo\u00e7ageme\" \/>\n<meta property=\"og:url\" content=\"https:\/\/bvalmocageme.pt\/index.php\/iinformacao-util\/\" \/>\n<meta property=\"og:site_name\" content=\"Bombeiros Almo\u00e7ageme\" \/>\n<meta property=\"article:modified_time\" content=\"2025-02-10T14:03:29+00:00\" \/>\n<meta name=\"twitter:card\" content=\"summary_large_image\" \/>\n<script type=\"application\/ld+json\" class=\"yoast-schema-graph\">{\"@context\":\"https:\\\/\\\/schema.org\",\"@graph\":[{\"@type\":\"WebPage\",\"@id\":\"https:\\\/\\\/bvalmocageme.pt\\\/index.php\\\/iinformacao-util\\\/\",\"url\":\"https:\\\/\\\/bvalmocageme.pt\\\/index.php\\\/iinformacao-util\\\/\",\"name\":\"IINFORMA\u00c7\u00c3O \u00daTIL - Bombeiros Almo\u00e7ageme\",\"isPartOf\":{\"@id\":\"https:\\\/\\\/bvalmocageme.pt\\\/#website\"},\"datePublished\":\"2025-02-10T13:50:16+00:00\",\"dateModified\":\"2025-02-10T14:03:29+00:00\",\"breadcrumb\":{\"@id\":\"https:\\\/\\\/bvalmocageme.pt\\\/index.php\\\/iinformacao-util\\\/#breadcrumb\"},\"inLanguage\":\"pt-PT\",\"potentialAction\":[{\"@type\":\"ReadAction\",\"target\":[\"https:\\\/\\\/bvalmocageme.pt\\\/index.php\\\/iinformacao-util\\\/\"]}]},{\"@type\":\"BreadcrumbList\",\"@id\":\"https:\\\/\\\/bvalmocageme.pt\\\/index.php\\\/iinformacao-util\\\/#breadcrumb\",\"itemListElement\":[{\"@type\":\"ListItem\",\"position\":1,\"name\":\"In\u00edcio\",\"item\":\"https:\\\/\\\/bvalmocageme.pt\\\/\"},{\"@type\":\"ListItem\",\"position\":2,\"name\":\"IINFORMA\u00c7\u00c3O \u00daTIL\"}]},{\"@type\":\"WebSite\",\"@id\":\"https:\\\/\\\/bvalmocageme.pt\\\/#website\",\"url\":\"https:\\\/\\\/bvalmocageme.pt\\\/\",\"name\":\"Bombeiros Almo\u00e7ageme\",\"description\":\"ASSOCIA\u00c7\u00c3O HUMANIT\u00c1RIA DE BOMBEIROS VOLUNT\u00c1RIOS DE ALMO\u00c7AGEME\",\"publisher\":{\"@id\":\"https:\\\/\\\/bvalmocageme.pt\\\/#organization\"},\"potentialAction\":[{\"@type\":\"SearchAction\",\"target\":{\"@type\":\"EntryPoint\",\"urlTemplate\":\"https:\\\/\\\/bvalmocageme.pt\\\/?s={search_term_string}\"},\"query-input\":{\"@type\":\"PropertyValueSpecification\",\"valueRequired\":true,\"valueName\":\"search_term_string\"}}],\"inLanguage\":\"pt-PT\"},{\"@type\":\"Organization\",\"@id\":\"https:\\\/\\\/bvalmocageme.pt\\\/#organization\",\"name\":\"Bombeiros Almo\u00e7ageme\",\"url\":\"https:\\\/\\\/bvalmocageme.pt\\\/\",\"logo\":{\"@type\":\"ImageObject\",\"inLanguage\":\"pt-PT\",\"@id\":\"https:\\\/\\\/bvalmocageme.pt\\\/#\\\/schema\\\/logo\\\/image\\\/\",\"url\":\"https:\\\/\\\/bvalmocageme.pt\\\/wp-content\\\/uploads\\\/2025\\\/01\\\/cropped-cropped-BV_Almocageme.png\",\"contentUrl\":\"https:\\\/\\\/bvalmocageme.pt\\\/wp-content\\\/uploads\\\/2025\\\/01\\\/cropped-cropped-BV_Almocageme.png\",\"width\":512,\"height\":512,\"caption\":\"Bombeiros Almo\u00e7ageme\"},\"image\":{\"@id\":\"https:\\\/\\\/bvalmocageme.pt\\\/#\\\/schema\\\/logo\\\/image\\\/\"}}]}<\/script>\n<!-- \/ Yoast SEO plugin. -->","yoast_head_json":{"title":"IINFORMA\u00c7\u00c3O \u00daTIL - Bombeiros Almo\u00e7ageme","robots":{"index":"index","follow":"follow","max-snippet":"max-snippet:-1","max-image-preview":"max-image-preview:large","max-video-preview":"max-video-preview:-1"},"canonical":"https:\/\/bvalmocageme.pt\/index.php\/iinformacao-util\/","og_locale":"pt_PT","og_type":"article","og_title":"IINFORMA\u00c7\u00c3O \u00daTIL - Bombeiros Almo\u00e7ageme","og_url":"https:\/\/bvalmocageme.pt\/index.php\/iinformacao-util\/","og_site_name":"Bombeiros Almo\u00e7ageme","article_modified_time":"2025-02-10T14:03:29+00:00","twitter_card":"summary_large_image","schema":{"@context":"https:\/\/schema.org","@graph":[{"@type":"WebPage","@id":"https:\/\/bvalmocageme.pt\/index.php\/iinformacao-util\/","url":"https:\/\/bvalmocageme.pt\/index.php\/iinformacao-util\/","name":"IINFORMA\u00c7\u00c3O \u00daTIL - Bombeiros Almo\u00e7ageme","isPartOf":{"@id":"https:\/\/bvalmocageme.pt\/#website"},"datePublished":"2025-02-10T13:50:16+00:00","dateModified":"2025-02-10T14:03:29+00:00","breadcrumb":{"@id":"https:\/\/bvalmocageme.pt\/index.php\/iinformacao-util\/#breadcrumb"},"inLanguage":"pt-PT","potentialAction":[{"@type":"ReadAction","target":["https:\/\/bvalmocageme.pt\/index.php\/iinformacao-util\/"]}]},{"@type":"BreadcrumbList","@id":"https:\/\/bvalmocageme.pt\/index.php\/iinformacao-util\/#breadcrumb","itemListElement":[{"@type":"ListItem","position":1,"name":"In\u00edcio","item":"https:\/\/bvalmocageme.pt\/"},{"@type":"ListItem","position":2,"name":"IINFORMA\u00c7\u00c3O \u00daTIL"}]},{"@type":"WebSite","@id":"https:\/\/bvalmocageme.pt\/#website","url":"https:\/\/bvalmocageme.pt\/","name":"Bombeiros Almo\u00e7ageme","description":"ASSOCIA\u00c7\u00c3O HUMANIT\u00c1RIA DE BOMBEIROS VOLUNT\u00c1RIOS DE ALMO\u00c7AGEME","publisher":{"@id":"https:\/\/bvalmocageme.pt\/#organization"},"potentialAction":[{"@type":"SearchAction","target":{"@type":"EntryPoint","urlTemplate":"https:\/\/bvalmocageme.pt\/?s={search_term_string}"},"query-input":{"@type":"PropertyValueSpecification","valueRequired":true,"valueName":"search_term_string"}}],"inLanguage":"pt-PT"},{"@type":"Organization","@id":"https:\/\/bvalmocageme.pt\/#organization","name":"Bombeiros Almo\u00e7ageme","url":"https:\/\/bvalmocageme.pt\/","logo":{"@type":"ImageObject","inLanguage":"pt-PT","@id":"https:\/\/bvalmocageme.pt\/#\/schema\/logo\/image\/","url":"https:\/\/bvalmocageme.pt\/wp-content\/uploads\/2025\/01\/cropped-cropped-BV_Almocageme.png","contentUrl":"https:\/\/bvalmocageme.pt\/wp-content\/uploads\/2025\/01\/cropped-cropped-BV_Almocageme.png","width":512,"height":512,"caption":"Bombeiros Almo\u00e7ageme"},"image":{"@id":"https:\/\/bvalmocageme.pt\/#\/schema\/logo\/image\/"}}]}},"_links":{"self":[{"href":"https:\/\/bvalmocageme.pt\/index.php\/wp-json\/wp\/v2\/pages\/656","targetHints":{"allow":["GET"]}}],"collection":[{"href":"https:\/\/bvalmocageme.pt\/index.php\/wp-json\/wp\/v2\/pages"}],"about":[{"href":"https:\/\/bvalmocageme.pt\/index.php\/wp-json\/wp\/v2\/types\/page"}],"author":[{"embeddable":true,"href":"https:\/\/bvalmocageme.pt\/index.php\/wp-json\/wp\/v2\/users\/1"}],"replies":[{"embeddable":true,"href":"https:\/\/bvalmocageme.pt\/index.php\/wp-json\/wp\/v2\/comments?post=656"}],"version-history":[{"count":10,"href":"https:\/\/bvalmocageme.pt\/index.php\/wp-json\/wp\/v2\/pages\/656\/revisions"}],"predecessor-version":[{"id":674,"href":"https:\/\/bvalmocageme.pt\/index.php\/wp-json\/wp\/v2\/pages\/656\/revisions\/674"}],"wp:attachment":[{"href":"https:\/\/bvalmocageme.pt\/index.php\/wp-json\/wp\/v2\/media?parent=656"}],"curies":[{"name":"wp","href":"https:\/\/api.w.org\/{rel}","templated":true}]}}