{"id":79,"date":"2025-01-24T22:27:08","date_gmt":"2025-01-24T22:27:08","guid":{"rendered":"https:\/\/bvalmocageme.pt\/?page_id=79"},"modified":"2025-02-11T23:18:48","modified_gmt":"2025-02-11T23:18:48","slug":"formativas","status":"publish","type":"page","link":"https:\/\/bvalmocageme.pt\/index.php\/formativas\/","title":{"rendered":"Formativas"},"content":{"rendered":"\t\t<div data-elementor-type=\"wp-page\" data-elementor-id=\"79\" class=\"elementor elementor-79\" data-elementor-post-type=\"page\">\n\t\t\t\t\t\t<section class=\"elementor-section elementor-top-section elementor-element elementor-element-672460da elementor-section-full_width elementor-section-height-min-height elementor-section-height-default elementor-section-items-middle elementor-invisible\" data-id=\"672460da\" data-element_type=\"section\" data-e-type=\"section\" data-settings=\"{&quot;background_background&quot;:&quot;classic&quot;,&quot;animation&quot;:&quot;fadeIn&quot;}\">\n\t\t\t\t\t\t\t<div class=\"elementor-background-overlay\"><\/div>\n\t\t\t\t\t\t\t<div class=\"elementor-container elementor-column-gap-default\">\n\t\t\t\t\t<div class=\"elementor-column elementor-col-100 elementor-top-column elementor-element elementor-element-12433aea\" data-id=\"12433aea\" data-element_type=\"column\" data-e-type=\"column\">\n\t\t\t<div class=\"elementor-widget-wrap elementor-element-populated\">\n\t\t\t\t\t\t<div class=\"elementor-element elementor-element-64fd5a3e elementor-widget elementor-widget-menu-anchor\" data-id=\"64fd5a3e\" data-element_type=\"widget\" data-e-type=\"widget\" data-widget_type=\"menu-anchor.default\">\n\t\t\t\t\t\t\t<div class=\"elementor-menu-anchor\" id=\"home\"><\/div>\n\t\t\t\t\t\t<\/div>\n\t\t\t\t\t<\/div>\n\t\t<\/div>\n\t\t\t\t\t<\/div>\n\t\t<\/section>\n\t\t\t\t<section class=\"elementor-section elementor-top-section elementor-element elementor-element-2cea205c elementor-section-boxed elementor-section-height-default elementor-section-height-default\" data-id=\"2cea205c\" data-element_type=\"section\" data-e-type=\"section\" data-settings=\"{&quot;background_background&quot;:&quot;classic&quot;}\">\n\t\t\t\t\t\t<div class=\"elementor-container elementor-column-gap-default\">\n\t\t\t\t\t<div class=\"elementor-column elementor-col-100 elementor-top-column elementor-element elementor-element-3edd074b\" data-id=\"3edd074b\" data-element_type=\"column\" data-e-type=\"column\">\n\t\t\t<div class=\"elementor-widget-wrap elementor-element-populated\">\n\t\t\t\t\t\t<div class=\"elementor-element elementor-element-9b4ee03 elementor-invisible elementor-widget elementor-widget-heading\" data-id=\"9b4ee03\" data-element_type=\"widget\" data-e-type=\"widget\" data-settings=\"{&quot;_animation&quot;:&quot;fadeInUp&quot;}\" data-widget_type=\"heading.default\">\n\t\t\t\t\t<h2 class=\"elementor-heading-title elementor-size-default\">Formativas\n<\/h2>\t\t\t\t<\/div>\n\t\t\t\t<div class=\"elementor-element elementor-element-51bff67a elementor-widget elementor-widget-spacer\" data-id=\"51bff67a\" data-element_type=\"widget\" data-e-type=\"widget\" data-widget_type=\"spacer.default\">\n\t\t\t\t\t\t\t<div class=\"elementor-spacer\">\n\t\t\t<div class=\"elementor-spacer-inner\"><\/div>\n\t\t<\/div>\n\t\t\t\t\t\t<\/div>\n\t\t\t\t<div class=\"elementor-element elementor-element-6c6b6a47 elementor-widget elementor-widget-text-editor\" data-id=\"6c6b6a47\" data-element_type=\"widget\" data-e-type=\"widget\" data-widget_type=\"text-editor.default\">\n\t\t\t\t\t\t\t\t\t<p>A hist\u00f3ria dos Bombeiros Volunt\u00e1rios de Almo\u00e7ageme encontra-se devidamente descrita no livro &#8221; CEM ANOS DE SERVI\u00c7O \u00c0 COMUNIDADE&#8221;- 1895-1995, escrito pela historiadora Maria Teresa Caetano. Recomendamos a sua aquisi\u00e7\u00e3o. Aqui, neste site, iremos destacar pequenos extractos do livro que nos d\u00e3o uma vis\u00e3o global das datas mais significativas da nossa Corpora\u00e7\u00e3o de Bombeiros.<\/p><h2><b>\u00a01895<\/b>\u00a0<\/h2><p>\u00abDistando cerca de tr\u00eas quil\u00f3metros para sudoeste da Vila de Colares &#8211; e integrando a sua freguesia (concelho de Sintra) -, Almo\u00e7ageme aninha-se na vertente noroeste da Serra de Sintra, j\u00e1 pr\u00f3ximo do litoral. O n\u00facleo habitacional primitivo desta aldeia desenvolve-se em c\u00edrculo, a partir de uma densa malha urbana, sugerindo antigas origens, com as suas tortuosas e estreitas ruas.<\/p><p>Ao longo dos s\u00e9culos, o seu alvo casaria de raiz vernacular solidamente erguido em alvenaria de pedra, exaltando os volumes c\u00fabicos e os telhados mouriscos, foi-se espraiando pela encosta, cercado por pequenas hortas, pomares e vinhas que humanizam a paisagem, conferindo-lhe uma ambi\u00eancia verdadeiramente rural.<\/p><p>No s\u00e9culo XIX, a popula\u00e7\u00e3o de Almo\u00e7ageme dedicava-se \u00e0 explora\u00e7\u00e3o da terra, produzindo abundantes e variados legume, saborosas frutas (em particular, o p\u00eassego rosa, a ma\u00e7\u00e3 raineta e a pera rocha) e uva da casta ramisco, a partir da qual se fabricava o famoso Vinho de Colares, hoje em completa decad\u00eancia.<\/p><p>Por essa altura, o combate aos inc\u00eandios que, ali\u00e1s, se observavam com alguma frequ\u00eancia, sobretudo nas medas de matos para as camas de gado acumuladas nos p\u00e1tios, junto \u00e0s casas, e nas chamin\u00e9s, estava a cargo da pr\u00f3pria comunidade que se organizava sempre que ocorresse qualquer fogo. Formavam-se, ent\u00e3o, longas filas de homens e mulheres que, entre si, passavam baldes, canecos ou bilhas com \u00e1gua ao grupo mais afoito que os despejava nas chamas, enquanto outros, munidos de incipientes batedores, tentavam abafar as ondulantes labaredas. Contudo, estes m\u00e9todos revelavam-se insuficientes para a extin\u00e7\u00e3o atempada dos inc\u00eandios, o que resultava quase sempre em significativos preju\u00edzos, por vezes irrecuper\u00e1veis.<\/p><p>Por\u00e9m, esta secular atitude perante o fogo alterar-se-ia na \u00faltima d\u00e9cada de oitocentos, quando um grupo de homens bons decidiu &#8211; na esteira do esp\u00edrito associativista que caracterizou o pa\u00eds, sobretudo na segunda metade do s\u00e9c. XIX, quando muitas das associa\u00e7\u00f5es de cariz cultural e\/ou social promoveram corpora\u00e7\u00f5es de bombeiros, os quais contribu\u00edram de forma inequ\u00edvoca para a seguran\u00e7a e bem-estar das popula\u00e7\u00f5es -, criar uma Associa\u00e7\u00e3o de Bombeiros Volunt\u00e1rios, \u00e0 semelhan\u00e7a do que, em termos regionais, se fizera em Pa\u00e7o D&#8217;Arcos (1893), Cascais (1886), Sintra (1890) e Colares (1890).\u00bb<\/p><p>O facto que deu origem \u00e0 funda\u00e7\u00e3o dos Bombeiros Volunt\u00e1rios de Almo\u00e7ageme teve lugar \u00abdurante os festejos em louvor da Nossa Senhora da Gra\u00e7a, em Outubro de 1893, verificou-se um grande inc\u00eandio provocado por um foguete [.<i>.. do novo sistema de assobio, que, caindo sobre uma meda de mato (propriedade de Jos\u00e9 Val\u00e9rio Vicente) comunicou-lhes fogo, rapidamente por quatro partes, sendo impotentes todos os esfor\u00e7os para o debelar e apresentando, numas poucas horas, um aspecto imponente contemplado por centenas de pessoas que fizeram diferentes coment\u00e1rios.]. <\/i>As inusitadas propor\u00e7\u00f5es deste fogo obrigou a que se recorresse aos pr\u00e9stimos dos Bombeiros de Colares, cuja bomba [<i>ainda que tarde, devido \u00e0 grande dist\u00e2ncia, prestou relevantes servi\u00e7os<\/i>].<\/p><p>Este facto, ao qual n\u00e3o ser\u00e3o alheios outros inc\u00eandios, por\u00e9m, de menores propor\u00e7\u00f5es entretanto verificados, e certos bairrismos e rivalidades entre as popula\u00e7\u00f5es e fam\u00edlias patriarcas, nomeadamente os Gomes da Silva, em Almo\u00e7ageme, e os Costa, em Colares &#8211; que ali\u00e1s haviam dotado a Vila de um corpo de bombeiros e de uma banda, respectivamente em 1890 e 1891 &#8211; ter\u00e1 levado os almo\u00e7agemenses a cogitar na cria\u00e7\u00e3o do seu pr\u00f3prio corpo de bombeiros.<\/p><p>No entanto, nada se conhece sobre o processo de organiza\u00e7\u00e3o da Associa\u00e7\u00e3o dos Bombeiros Volunt\u00e1rios de Almo\u00e7ageme, nem sobre os seus principais impulsionadores, porquanto n\u00e3o chegaram at\u00e9 n\u00f3s quaisquer fontes escritas ou registos orais que nos permitam esclarecer o assunto. Hoje, apenas se sabe que esta ideia ter\u00e1 sido apadrinhada por Jos\u00e9 Gomes da Silva, capitalista e grande comerciante de Vinho de Colares que havia j\u00e1 incentivado a cria\u00e7\u00e3o da filarm\u00f3nica local, em 1892.<\/p><p>Este processo, devido a limita\u00e7\u00f5es v\u00e1rias &#8211; e \u00e0 semelhan\u00e7a do sucedido na forma\u00e7\u00e3o de outras institui\u00e7\u00f5es similares -, ter\u00e1 sido moroso, pois, apenas em 1895 se constituiu, na realidade, a Associa\u00e7\u00e3o dos Bombeiros Volunt\u00e1rios de Almo\u00e7ageme. Dos primeiros tempos de vida desta Associa\u00e7\u00e3o chegaram at\u00e9 n\u00f3s escassos testemunhos materiais. Por conseguinte, encontram-se depositadas no Museu Renato Lobo Garcia (Museu Monogr\u00e1fico da Associa\u00e7\u00e3o dos Bombeiros Volunt\u00e1rios de Almo\u00e7ageme) duas capas de couro, provavelmente pertencentes a livros de assentos e quotas, infelizmente j\u00e1 desaparecidos, que ostentam, picotada, a data de 19 de Agosto de 1895, o que nos permite, de imediato, colocar a hip\u00f3tese de ser essa a data da funda\u00e7\u00e3o do Corpo de Bombeiros.\u00bb\u00a0<\/p><h2><b>1896<\/b>\u00a0\u00a0<\/h2><p>A primeira actua\u00e7\u00e3o da bomba e a constru\u00e7\u00e3o do primeiro quartel.<\/p><p><img fetchpriority=\"high\" decoding=\"async\" src=\"https:\/\/289b10cbd8.clvaw-cdnwnd.com\/052596a2a49a50fc0cbc07af448afe27\/200000268-65c4866bd1\/images%20(2).jpg\" alt=\"\" width=\"271\" height=\"186\" \/>\u00a0<\/p><p>\u00abA bomba ter\u00e1 actuado pela primeira vez em Almo\u00e7ageme, na extin\u00e7\u00e3o de um fogo ocorrido na noite de 7 de Maio de 1896. [ ] Sob o comando do primeiro patr\u00e3o dos Bombeiros de Almo\u00e7ageme, o Sr. Jos\u00e9 Francisco Pires. [ ] O local onde se alojava a bomba, n\u00e3o era um edif\u00edcio pr\u00f3prio da Associa\u00e7\u00e3o dos Bombeiros. Muito possivelmente, e \u00e0 semelhan\u00e7a do que sucedeu com a Banda que se instalou numa casa dos Salgueiros pertencente a Jos\u00e9 Gomes da Silva, ter-se-\u00e1 sediado numa casa ou qualquer outro espa\u00e7o do mesmo propriet\u00e1rio.<\/p><p>[ ] Assim, com base na not\u00edcia que descreve a primeira interven\u00e7\u00e3o dos Bombeiros de Almo\u00e7ageme e no pressuposto evidenciado , cremos que que a constru\u00e7\u00e3o do primeiro quartel datar\u00e1 de finais do s\u00e9culo XIX. Essas instala\u00e7\u00f5es, que se mantiveram em funcionamento at\u00e9 cerca de 1948, resumem-se a um pequeno anexo tipicamente tardo-oitocentista de planta rectangular e com cobertura em duas \u00e1guas, voltado para o largo e cont\u00edguo ao al\u00e7ado leste da Igreja de Nossa Senhora da Concei\u00e7\u00e3o e ao muro sul do cemit\u00e9rio.\u00bb Seria posteriormente conhecida pela &#8220;Casa da Bomba&#8221;.<\/p>\t\t\t\t\t\t\t\t<\/div>\n\t\t\t\t\t<\/div>\n\t\t<\/div>\n\t\t\t\t\t<\/div>\n\t\t<\/section>\n\t\t\t\t<\/div>\n\t\t","protected":false},"excerpt":{"rendered":"<p>Formativas A hist\u00f3ria dos Bombeiros Volunt\u00e1rios de Almo\u00e7ageme encontra-se devidamente descrita no livro &#8221; CEM ANOS DE SERVI\u00c7O \u00c0 COMUNIDADE&#8221;- 1895-1995, escrito pela historiadora Maria Teresa Caetano. Recomendamos a sua aquisi\u00e7\u00e3o. Aqui, neste site, iremos destacar pequenos extractos do livro que nos d\u00e3o uma vis\u00e3o global das datas mais significativas da nossa Corpora\u00e7\u00e3o de Bombeiros. [&hellip;]<\/p>\n","protected":false},"author":1,"featured_media":0,"parent":0,"menu_order":0,"comment_status":"closed","ping_status":"closed","template":"","meta":{"footnotes":""},"class_list":["post-79","page","type-page","status-publish","hentry"],"yoast_head":"<!-- This site is optimized with the Yoast SEO plugin v27.3 - https:\/\/yoast.com\/product\/yoast-seo-wordpress\/ -->\n<title>Formativas - Bombeiros Almo\u00e7ageme<\/title>\n<meta name=\"robots\" content=\"index, follow, max-snippet:-1, max-image-preview:large, max-video-preview:-1\" \/>\n<link rel=\"canonical\" href=\"https:\/\/bvalmocageme.pt\/index.php\/formativas\/\" \/>\n<meta property=\"og:locale\" content=\"pt_PT\" \/>\n<meta property=\"og:type\" content=\"article\" \/>\n<meta property=\"og:title\" content=\"Formativas - Bombeiros Almo\u00e7ageme\" \/>\n<meta property=\"og:description\" content=\"Formativas A hist\u00f3ria dos Bombeiros Volunt\u00e1rios de Almo\u00e7ageme encontra-se devidamente descrita no livro &#8221; CEM ANOS DE SERVI\u00c7O \u00c0 COMUNIDADE&#8221;- 1895-1995, escrito pela historiadora Maria Teresa Caetano. Recomendamos a sua aquisi\u00e7\u00e3o. Aqui, neste site, iremos destacar pequenos extractos do livro que nos d\u00e3o uma vis\u00e3o global das datas mais significativas da nossa Corpora\u00e7\u00e3o de Bombeiros. [&hellip;]\" \/>\n<meta property=\"og:url\" content=\"https:\/\/bvalmocageme.pt\/index.php\/formativas\/\" \/>\n<meta property=\"og:site_name\" content=\"Bombeiros Almo\u00e7ageme\" \/>\n<meta property=\"article:modified_time\" content=\"2025-02-11T23:18:48+00:00\" \/>\n<meta property=\"og:image\" content=\"https:\/\/289b10cbd8.clvaw-cdnwnd.com\/052596a2a49a50fc0cbc07af448afe27\/200000268-65c4866bd1\/images%20(2).jpg\" \/>\n<meta name=\"twitter:card\" content=\"summary_large_image\" \/>\n<script type=\"application\/ld+json\" class=\"yoast-schema-graph\">{\"@context\":\"https:\\\/\\\/schema.org\",\"@graph\":[{\"@type\":\"WebPage\",\"@id\":\"https:\\\/\\\/bvalmocageme.pt\\\/index.php\\\/formativas\\\/\",\"url\":\"https:\\\/\\\/bvalmocageme.pt\\\/index.php\\\/formativas\\\/\",\"name\":\"Formativas - Bombeiros Almo\u00e7ageme\",\"isPartOf\":{\"@id\":\"https:\\\/\\\/bvalmocageme.pt\\\/#website\"},\"primaryImageOfPage\":{\"@id\":\"https:\\\/\\\/bvalmocageme.pt\\\/index.php\\\/formativas\\\/#primaryimage\"},\"image\":{\"@id\":\"https:\\\/\\\/bvalmocageme.pt\\\/index.php\\\/formativas\\\/#primaryimage\"},\"thumbnailUrl\":\"https:\\\/\\\/289b10cbd8.clvaw-cdnwnd.com\\\/052596a2a49a50fc0cbc07af448afe27\\\/200000268-65c4866bd1\\\/images%20(2).jpg\",\"datePublished\":\"2025-01-24T22:27:08+00:00\",\"dateModified\":\"2025-02-11T23:18:48+00:00\",\"breadcrumb\":{\"@id\":\"https:\\\/\\\/bvalmocageme.pt\\\/index.php\\\/formativas\\\/#breadcrumb\"},\"inLanguage\":\"pt-PT\",\"potentialAction\":[{\"@type\":\"ReadAction\",\"target\":[\"https:\\\/\\\/bvalmocageme.pt\\\/index.php\\\/formativas\\\/\"]}]},{\"@type\":\"ImageObject\",\"inLanguage\":\"pt-PT\",\"@id\":\"https:\\\/\\\/bvalmocageme.pt\\\/index.php\\\/formativas\\\/#primaryimage\",\"url\":\"https:\\\/\\\/289b10cbd8.clvaw-cdnwnd.com\\\/052596a2a49a50fc0cbc07af448afe27\\\/200000268-65c4866bd1\\\/images%20(2).jpg\",\"contentUrl\":\"https:\\\/\\\/289b10cbd8.clvaw-cdnwnd.com\\\/052596a2a49a50fc0cbc07af448afe27\\\/200000268-65c4866bd1\\\/images%20(2).jpg\"},{\"@type\":\"BreadcrumbList\",\"@id\":\"https:\\\/\\\/bvalmocageme.pt\\\/index.php\\\/formativas\\\/#breadcrumb\",\"itemListElement\":[{\"@type\":\"ListItem\",\"position\":1,\"name\":\"In\u00edcio\",\"item\":\"https:\\\/\\\/bvalmocageme.pt\\\/\"},{\"@type\":\"ListItem\",\"position\":2,\"name\":\"Formativas\"}]},{\"@type\":\"WebSite\",\"@id\":\"https:\\\/\\\/bvalmocageme.pt\\\/#website\",\"url\":\"https:\\\/\\\/bvalmocageme.pt\\\/\",\"name\":\"Bombeiros Almo\u00e7ageme\",\"description\":\"ASSOCIA\u00c7\u00c3O HUMANIT\u00c1RIA DE BOMBEIROS VOLUNT\u00c1RIOS DE ALMO\u00c7AGEME\",\"publisher\":{\"@id\":\"https:\\\/\\\/bvalmocageme.pt\\\/#organization\"},\"potentialAction\":[{\"@type\":\"SearchAction\",\"target\":{\"@type\":\"EntryPoint\",\"urlTemplate\":\"https:\\\/\\\/bvalmocageme.pt\\\/?s={search_term_string}\"},\"query-input\":{\"@type\":\"PropertyValueSpecification\",\"valueRequired\":true,\"valueName\":\"search_term_string\"}}],\"inLanguage\":\"pt-PT\"},{\"@type\":\"Organization\",\"@id\":\"https:\\\/\\\/bvalmocageme.pt\\\/#organization\",\"name\":\"Bombeiros Almo\u00e7ageme\",\"url\":\"https:\\\/\\\/bvalmocageme.pt\\\/\",\"logo\":{\"@type\":\"ImageObject\",\"inLanguage\":\"pt-PT\",\"@id\":\"https:\\\/\\\/bvalmocageme.pt\\\/#\\\/schema\\\/logo\\\/image\\\/\",\"url\":\"https:\\\/\\\/bvalmocageme.pt\\\/wp-content\\\/uploads\\\/2025\\\/01\\\/cropped-cropped-BV_Almocageme.png\",\"contentUrl\":\"https:\\\/\\\/bvalmocageme.pt\\\/wp-content\\\/uploads\\\/2025\\\/01\\\/cropped-cropped-BV_Almocageme.png\",\"width\":512,\"height\":512,\"caption\":\"Bombeiros Almo\u00e7ageme\"},\"image\":{\"@id\":\"https:\\\/\\\/bvalmocageme.pt\\\/#\\\/schema\\\/logo\\\/image\\\/\"}}]}<\/script>\n<!-- \/ Yoast SEO plugin. -->","yoast_head_json":{"title":"Formativas - Bombeiros Almo\u00e7ageme","robots":{"index":"index","follow":"follow","max-snippet":"max-snippet:-1","max-image-preview":"max-image-preview:large","max-video-preview":"max-video-preview:-1"},"canonical":"https:\/\/bvalmocageme.pt\/index.php\/formativas\/","og_locale":"pt_PT","og_type":"article","og_title":"Formativas - Bombeiros Almo\u00e7ageme","og_description":"Formativas A hist\u00f3ria dos Bombeiros Volunt\u00e1rios de Almo\u00e7ageme encontra-se devidamente descrita no livro &#8221; CEM ANOS DE SERVI\u00c7O \u00c0 COMUNIDADE&#8221;- 1895-1995, escrito pela historiadora Maria Teresa Caetano. Recomendamos a sua aquisi\u00e7\u00e3o. Aqui, neste site, iremos destacar pequenos extractos do livro que nos d\u00e3o uma vis\u00e3o global das datas mais significativas da nossa Corpora\u00e7\u00e3o de Bombeiros. [&hellip;]","og_url":"https:\/\/bvalmocageme.pt\/index.php\/formativas\/","og_site_name":"Bombeiros Almo\u00e7ageme","article_modified_time":"2025-02-11T23:18:48+00:00","og_image":[{"url":"https:\/\/289b10cbd8.clvaw-cdnwnd.com\/052596a2a49a50fc0cbc07af448afe27\/200000268-65c4866bd1\/images%20(2).jpg","type":"","width":"","height":""}],"twitter_card":"summary_large_image","schema":{"@context":"https:\/\/schema.org","@graph":[{"@type":"WebPage","@id":"https:\/\/bvalmocageme.pt\/index.php\/formativas\/","url":"https:\/\/bvalmocageme.pt\/index.php\/formativas\/","name":"Formativas - Bombeiros Almo\u00e7ageme","isPartOf":{"@id":"https:\/\/bvalmocageme.pt\/#website"},"primaryImageOfPage":{"@id":"https:\/\/bvalmocageme.pt\/index.php\/formativas\/#primaryimage"},"image":{"@id":"https:\/\/bvalmocageme.pt\/index.php\/formativas\/#primaryimage"},"thumbnailUrl":"https:\/\/289b10cbd8.clvaw-cdnwnd.com\/052596a2a49a50fc0cbc07af448afe27\/200000268-65c4866bd1\/images%20(2).jpg","datePublished":"2025-01-24T22:27:08+00:00","dateModified":"2025-02-11T23:18:48+00:00","breadcrumb":{"@id":"https:\/\/bvalmocageme.pt\/index.php\/formativas\/#breadcrumb"},"inLanguage":"pt-PT","potentialAction":[{"@type":"ReadAction","target":["https:\/\/bvalmocageme.pt\/index.php\/formativas\/"]}]},{"@type":"ImageObject","inLanguage":"pt-PT","@id":"https:\/\/bvalmocageme.pt\/index.php\/formativas\/#primaryimage","url":"https:\/\/289b10cbd8.clvaw-cdnwnd.com\/052596a2a49a50fc0cbc07af448afe27\/200000268-65c4866bd1\/images%20(2).jpg","contentUrl":"https:\/\/289b10cbd8.clvaw-cdnwnd.com\/052596a2a49a50fc0cbc07af448afe27\/200000268-65c4866bd1\/images%20(2).jpg"},{"@type":"BreadcrumbList","@id":"https:\/\/bvalmocageme.pt\/index.php\/formativas\/#breadcrumb","itemListElement":[{"@type":"ListItem","position":1,"name":"In\u00edcio","item":"https:\/\/bvalmocageme.pt\/"},{"@type":"ListItem","position":2,"name":"Formativas"}]},{"@type":"WebSite","@id":"https:\/\/bvalmocageme.pt\/#website","url":"https:\/\/bvalmocageme.pt\/","name":"Bombeiros Almo\u00e7ageme","description":"ASSOCIA\u00c7\u00c3O HUMANIT\u00c1RIA DE BOMBEIROS VOLUNT\u00c1RIOS DE ALMO\u00c7AGEME","publisher":{"@id":"https:\/\/bvalmocageme.pt\/#organization"},"potentialAction":[{"@type":"SearchAction","target":{"@type":"EntryPoint","urlTemplate":"https:\/\/bvalmocageme.pt\/?s={search_term_string}"},"query-input":{"@type":"PropertyValueSpecification","valueRequired":true,"valueName":"search_term_string"}}],"inLanguage":"pt-PT"},{"@type":"Organization","@id":"https:\/\/bvalmocageme.pt\/#organization","name":"Bombeiros Almo\u00e7ageme","url":"https:\/\/bvalmocageme.pt\/","logo":{"@type":"ImageObject","inLanguage":"pt-PT","@id":"https:\/\/bvalmocageme.pt\/#\/schema\/logo\/image\/","url":"https:\/\/bvalmocageme.pt\/wp-content\/uploads\/2025\/01\/cropped-cropped-BV_Almocageme.png","contentUrl":"https:\/\/bvalmocageme.pt\/wp-content\/uploads\/2025\/01\/cropped-cropped-BV_Almocageme.png","width":512,"height":512,"caption":"Bombeiros Almo\u00e7ageme"},"image":{"@id":"https:\/\/bvalmocageme.pt\/#\/schema\/logo\/image\/"}}]}},"_links":{"self":[{"href":"https:\/\/bvalmocageme.pt\/index.php\/wp-json\/wp\/v2\/pages\/79","targetHints":{"allow":["GET"]}}],"collection":[{"href":"https:\/\/bvalmocageme.pt\/index.php\/wp-json\/wp\/v2\/pages"}],"about":[{"href":"https:\/\/bvalmocageme.pt\/index.php\/wp-json\/wp\/v2\/types\/page"}],"author":[{"embeddable":true,"href":"https:\/\/bvalmocageme.pt\/index.php\/wp-json\/wp\/v2\/users\/1"}],"replies":[{"embeddable":true,"href":"https:\/\/bvalmocageme.pt\/index.php\/wp-json\/wp\/v2\/comments?post=79"}],"version-history":[{"count":4,"href":"https:\/\/bvalmocageme.pt\/index.php\/wp-json\/wp\/v2\/pages\/79\/revisions"}],"predecessor-version":[{"id":1029,"href":"https:\/\/bvalmocageme.pt\/index.php\/wp-json\/wp\/v2\/pages\/79\/revisions\/1029"}],"wp:attachment":[{"href":"https:\/\/bvalmocageme.pt\/index.php\/wp-json\/wp\/v2\/media?parent=79"}],"curies":[{"name":"wp","href":"https:\/\/api.w.org\/{rel}","templated":true}]}}